{"id":98,"date":"2023-04-11T18:24:28","date_gmt":"2023-04-11T16:24:28","guid":{"rendered":"https:\/\/ambasciatapraga.esteri.it\/?page_id=98"},"modified":"2025-08-29T10:23:55","modified_gmt":"2025-08-29T08:23:55","slug":"missioni-archeologiche","status":"publish","type":"page","link":"https:\/\/amblavalletta.esteri.it\/it\/italia-e-malta\/diplomazia-culturale\/missioni-archeologiche\/","title":{"rendered":"Missioni archeologiche"},"content":{"rendered":"<p><strong>La Missione archeologica italiana a Malta<\/strong><\/p>\n<p>Un esempio particolarmente importante di cooperazione scientifica bilaterale \u00e8 rappresentato dalla Missione Archeologica Italiana a Malta, avviata nel 1963 su iniziativa del Prof. Sabatino Moscati (Direttore dell\u2019Istituto di Studi per il Vicino Oriente dell\u2019Universit\u00e0 di Roma) sotto la direzione scientifica del Prof. Michelangelo Cagiano de Azevedo dell\u2019Universit\u00e0 Cattolica del Sacro Cuore di Milano. Fino al 1970 la Missione, coordinata sul campo dalla prof.ssa Antonia Ciasca dell\u2019Universit\u00e0 di Roma, ha svolto uno specifico programma di ricerca finalizzato alla conoscenza della cultura di et\u00e0 storica dell\u2019arcipelago maltese, in quegli anni ancora trascurata.<\/p>\n<p>Le ricerche archeologiche, finanziate con fondi dell\u2019Ateneo romano e del C.N.R., interessarono i siti di Tas-Sil\u0121, identificandovi il santuario di Astarte-Hera-Giunone, di San Pawl Milqi, piccola chiesa sorta sulle strutture di una villa-fattoria in cui \u00e8 stato proposto di riconoscere una delle residenze di Publio, il primate dell\u2019isola che diede ospitalit\u00e0 a San Paolo scampato al naufragio. A Ras il-Wardija, sull\u2019isola di Gozo, \u00e8 stato inoltre individuato un santuario rupestre di epoca ellenistica. Tra il 1970 e il 1995\u00a0 sono proseguite le ricerche e gli studi sull\u2019ingente quantit\u00e0 di dati forniti dagli scavi.<\/p>\n<p>Nel 1996 l\u2019allora Direttore del Museums Department, Tancred Gouder, affid\u00f2 alla Missione Archeologica Italiana\u00a0 l\u2019incarico di proseguire la ricerca archeologica nei siti di Tas-Sil\u0121 e San Pawl Milqi. A partire dal 1996 riprendono i lavori sul campo a Tas-Sil\u0121 e dal 2000 al 2004 il team dell\u2019Universit\u00e0 Cattolica di Milano torna a operare nella villa di San Pawl Milqi. A partire dal 2000 si avviano anche operazioni di conservazione nei due complessi archeologici, nell\u2019ambito di articolati progetti di conservazione dei monumenti e con la consulenza dell\u2019Istituto Centrale del Restauro italiano.<\/p>\n<p>L\u2019equipe di ricercatori, attualmente diretta dalla prof.ssa Grazia Semeraro, \u00e8 composta da unit\u00e0 di ricerca di diverse universit\u00e0 italiane: l\u2019Universit\u00e0 Cattolica del Sacro Cuore di Milano, l\u2019Universit\u00e0 di Roma \u201cLa Sapienza\u201d,\u00a0 l\u2019Universit\u00e0 del Salento, l\u2019Universit\u00e0 di Foggia. Tutte le attivit\u00e0 di ricerca e conservazione vengono condotte grazie a fondi erogati da Enti italiani: dal Ministero degli Affari Esteri, dal Ministero dell\u2019Istruzione dell\u2019Universit\u00e0 e della Ricerca scientifica e dai singoli Atenei. I lavori e le iniziative della Missione Archeologica Italiana si svolgono\u00a0 in stretta collaborazione con gli Enti maltesi preposti alla tutela e alla valorizzazione del patrimonio culturale: la Superintendence of Cultural Heritage e Heritage Malta.<\/p>\n<p>La Missione Archeologica Italiana rappresenta un caso esemplare dell\u2019applicazione in un Paese estero delle competenze sviluppate in Italia nella ricerca archeologica. Il costante impegno degli studiosi coinvolti nelle indagini ha favorito il progresso ininterrotto delle conoscenze sui siti indagati. Il continuo aggiornamento delle metodologie d\u2019indagine e il coinvolgimento di nuovi ricercatori hanno contribuito in modo determinante a gettare nuova luce sulla cultura e l\u2019economia della societ\u00e0 maltese fra l\u2019VIII secolo a.C. e l\u2019et\u00e0 medievale.<\/p>\n<p>Per approfondire le ricerche della Missione, \u00e8 possibile consultare le seguenti pubblicazioni:<\/p>\n<ul>\n<li><a href=\"https:\/\/amblavalletta.esteri.it\/wp-content\/uploads\/2025\/08\/Missione-archeologica-italiana-a-Malta.pdf\">Missione-archeologica-italiana-a-Malta.pdf<\/a><\/li>\n<li><a href=\"https:\/\/amblavalletta.esteri.it\/wp-content\/uploads\/2025\/08\/Scavi-e-ricerche-della-Missione.pdf\">Scavi-e-ricerche-della-Missione.pdf<\/a><\/li>\n<\/ul>\n","protected":false},"excerpt":{"rendered":"La Missione archeologica italiana a Malta Un esempio particolarmente importante di cooperazione scientifica bilaterale \u00e8 rappresentato dalla Missione Archeologica Italiana a Malta, avviata nel 1963 su iniziativa del Prof. Sabatino Moscati (Direttore dell\u2019Istituto di Studi per il Vicino Oriente dell\u2019Universit\u00e0 di Roma) sotto la direzione scientifica del Prof. Michelangelo Cagiano de Azevedo dell\u2019Universit\u00e0 Cattolica del [&hellip;]","protected":false},"author":1,"featured_media":0,"parent":44,"menu_order":4,"comment_status":"closed","ping_status":"closed","template":"","meta":{"footnotes":""},"class_list":["post-98","page","type-page","status-publish","hentry"],"_links":{"self":[{"href":"https:\/\/amblavalletta.esteri.it\/it\/wp-json\/wp\/v2\/pages\/98","targetHints":{"allow":["GET"]}}],"collection":[{"href":"https:\/\/amblavalletta.esteri.it\/it\/wp-json\/wp\/v2\/pages"}],"about":[{"href":"https:\/\/amblavalletta.esteri.it\/it\/wp-json\/wp\/v2\/types\/page"}],"author":[{"embeddable":true,"href":"https:\/\/amblavalletta.esteri.it\/it\/wp-json\/wp\/v2\/users\/1"}],"replies":[{"embeddable":true,"href":"https:\/\/amblavalletta.esteri.it\/it\/wp-json\/wp\/v2\/comments?post=98"}],"version-history":[{"count":2,"href":"https:\/\/amblavalletta.esteri.it\/it\/wp-json\/wp\/v2\/pages\/98\/revisions"}],"predecessor-version":[{"id":4173,"href":"https:\/\/amblavalletta.esteri.it\/it\/wp-json\/wp\/v2\/pages\/98\/revisions\/4173"}],"up":[{"embeddable":true,"href":"https:\/\/amblavalletta.esteri.it\/it\/wp-json\/wp\/v2\/pages\/44"}],"wp:attachment":[{"href":"https:\/\/amblavalletta.esteri.it\/it\/wp-json\/wp\/v2\/media?parent=98"}],"curies":[{"name":"wp","href":"https:\/\/api.w.org\/{rel}","templated":true}]}}