{"id":95,"date":"2023-04-11T18:23:52","date_gmt":"2023-04-11T16:23:52","guid":{"rendered":"https:\/\/ambasciatapraga.esteri.it\/?page_id=95"},"modified":"2025-08-29T23:02:03","modified_gmt":"2025-08-29T21:02:03","slug":"fare-affari-a-malta","status":"publish","type":"page","link":"https:\/\/amblavalletta.esteri.it\/it\/italia-e-malta\/diplomazia-economica\/fare-affari-a-malta\/","title":{"rendered":"Fare affari a Malta"},"content":{"rendered":"<p><strong>NEXUS<\/strong>\u00a0\u00e8 un applicativo di customer relationship management (CRM) attraverso il quale le imprese possono indirizzare le proprie richieste di assistenza all&#8217;Ambasciata. Le richieste vengono inserite in via preferenziale, dalle aziende attraverso la compilazione di un formulario online.<\/p>\n<p>Le imprese interessate sono pertanto pregate di compilare il modulo reperibile al sito <a href=\"https:\/\/nexus.esteri.it\/\">https:\/\/nexus.esteri.it\/<\/a><\/p>\n<p>Per informazioni relative alle opportunit\u00e0 di affari a Malta, si suggerisce di consultare la pagina del sito <strong><a href=\"https:\/\/www.infomercatiesteri.it\/index.php\">InfoMercatiEsteri<\/a><\/strong> del Ministero degli Affari Esteri e della Cooperazione Internazionale, che offre una piattaforma innovativa e completamente gratuita realizzata per soddisfare le richieste di informazioni sui mercati esteri provenienti dagli operatori economici nazionali.<\/p>\n<p>\u00c8 inoltre disponibile una <a href=\"https:\/\/amblavalletta.esteri.it\/wp-content\/uploads\/2024\/11\/Guida-pratica-alle-opportunita-del-mercato-maltese-per-le-imprese-italiane_compressed.pdf\">guida pratica alle opportunit\u00e0 del mercato maltese per le imprese italiane<\/a> frutto di una collaborazione sinergica tra l\u2019Ambasciata d\u2019Italia, in qualit\u00e0 di coordinatore del Sistema Paese Italia a Malta, e due partner d\u2019eccellenza, l\u2019Agenzia ICE e la Camera di Commercio Italo-Maltese.<\/p>\n<p>Per informazioni sulla normativa maltese che un investitore italiano deve conoscere prima di costituire una struttura operativa o commerciale nel Paese, dagli adempimenti legali e fiscali e agli aspetti legati al diritto del lavoro, dalle regole che governano gli investimenti agli incentivi offerti dalle varie amministrazioni statali, si invita a consultare:<\/p>\n<p><strong>Camera di Commercio italo-maltese<\/strong><\/p>\n<p>Per i contatti della Camera di Commercio, premere <a href=\"https:\/\/amblavalletta.esteri.it\/it\/italia-e-malta\/diplomazia-economica\/\">qui<\/a>.<br \/>\n<a href=\"https:\/\/www.micc.org.mt\/\">https:\/\/www.micc.org.mt\/<\/a><br \/>\n<a href=\"https:\/\/www.italiamalta.net\/\">https:\/\/www.italiamalta.net\/<\/a><\/p>\n<p>&nbsp;<\/p>\n<p><strong>Malta Enterprise<\/strong><\/p>\n<p><a href=\"https:\/\/www.maltaenterprise.com\/\">Malta Enterprise<\/a> \u00e8 l&#8217;ente governativo responsabile per la promozione degli investimenti, al quale vengono sottoposti i progetti di investimento. L\u2019ente, la cui attivit\u00e0 \u00e8 regolata dal Malta Enterprise Act (ME Act), si occupa anche di sostenere le attivit\u00e0 industriali gi\u00e0 presenti a Malta, nonch\u00e9 della promozione del commercio maltese.<\/p>\n<p>Il\u00a0<a href=\"https:\/\/www.maltaenterprise.com\/support\">pacchetto di incentivi\u00a0<\/a>offerto da Malta Enterprise agli operatori nazionali ed esteri comprende interessanti incentivi, tra i quali prestiti agevolati, sussidi sui tassi di interesse, crediti fiscali per nuovi investimenti e avvio di attivit\u00e0, contributi e finanziamenti per l\u2019innovazione, la formazione, e lo sviluppo delle micro, piccole e medie imprese, oltre a forme di assistenza alle start- up che presentano progetti creativi ed innovativi, nonch\u00e9 una serie di condizioni agevolate per il reperimento di locali e capannoni nelle aree industriali di Malta.<\/p>\n<p>&nbsp;<\/p>\n<p><strong>Business First<\/strong><\/p>\n<p><a href=\"https:\/\/www.businessfirst.com.mt\/\"><strong>Business First<\/strong><\/a>\u00a0assiste le imprese nell\u2019avvio di una nuova attivit\u00e0 a Malta.<\/p>\n<p>&nbsp;<\/p>\n<p><strong>Malta Chamber of Commerce<\/strong><\/p>\n<p>Il sito della\u00a0<a href=\"https:\/\/maltachamber.org.mt\/\"><strong>Malta Chamber of Commerce<\/strong><\/a>.<\/p>\n<p>&nbsp;<\/p>\n<p><strong>Malta Financial Services Authority<\/strong><\/p>\n<p>La <a href=\"https:\/\/www.mfsa.mt\/\"><strong>Malta Financial Services Authority<\/strong><\/a> ha il compito di regolare e supervisionare le attivit\u00e0 degli Istituti di credito, finanziari ed assicurativi.<\/p>\n<p>&nbsp;<\/p>\n<p><strong>Malta Business Registry<\/strong><\/p>\n<p>Il Registro delle Imprese &#8211; <a href=\"https:\/\/mbr.mt\/\">Malta Business Registry<\/a> offre\u00a0utili guide per la registrazione di nuove societ\u00e0 nel Paese.<\/p>\n<p>&nbsp;<\/p>\n<p><strong>National Statistics Office<\/strong><\/p>\n<p>Il sito dell&#8217;Ufficio Nazionale di Statistica &#8211; <a href=\"https:\/\/nso.gov.mt\/\">National Statistics Office<\/a>.<\/p>\n<p>&nbsp;<\/p>\n<p><b><strong>Link utili per la consultazione di gare d&#8217;appalto lanciate dal governo maltese:<\/strong><\/b><\/p>\n<p><a href=\"https:\/\/www.gov.mt\/en\/Government\/DOI\/Government%20Gazette\/Pages\/default.aspx\">Gazzetta Ufficiale del Governo Maltese<\/a> &#8211; <a href=\"https:\/\/www.gov.mt\/en\/Government\/DOI\/Government%20Gazette\/tenders\/Pages\/default.aspx\">Sezione Gare d&#8217;Appalto<\/a><\/p>\n<p><a href=\"https:\/\/www.etenders.gov.mt\/epps\/home.do\">Portale Etenders<\/a> (si consiglia di effettuare la registrazione al sito per scaricare i documenti di gara e partecipare alla gara stessa).<\/p>\n<p>&nbsp;<\/p>\n<p><b><strong>Guide informative<br \/>\n<\/strong><\/b><\/p>\n<ul>\n<li style=\"font-weight: 400;\"><a href=\"https:\/\/amblavalletta.esteri.it\/wp-content\/uploads\/2023\/10\/residenzaamaltanovembre2015.pdf\">Residenza e lavoro a Malta<\/a><\/li>\n<li style=\"font-weight: 400;\"><a href=\"https:\/\/amblavalletta.esteri.it\/wp-content\/uploads\/2023\/10\/ilsistemafiscaleamaltanovembre_2015.pdf\">Il sistema fiscale maltese<\/a><\/li>\n<li style=\"font-weight: 400;\"><a href=\"https:\/\/amblavalletta.esteri.it\/wp-content\/uploads\/2023\/10\/registrazione_societ_a_maltanovembre2015.pdf\">La costituzione di societ\u00e0 a Malta<\/a><\/li>\n<li style=\"font-weight: 400;\"><a href=\"https:\/\/amblavalletta.esteri.it\/wp-content\/uploads\/2023\/10\/incentiviagliinvestimentiecostodellavoronovembre2015.pdf\">Incentivi agli investimenti e costo del lavoro<\/a><\/li>\n<li style=\"font-weight: 400;\"><a href=\"https:\/\/amblavalletta.esteri.it\/wp-content\/uploads\/2023\/10\/guidalicenzenovembre2015.pdf\">Le licenze commerciali a Malta<\/a><\/li>\n<li style=\"font-weight: 400;\"><a href=\"https:\/\/www.agenziaentrate.gov.it\/index.htm?v=20231003\">Guida agli adempimenti fiscali in Italia per i residenti all&#8217;estero, sia italiani che stranieri<\/a><\/li>\n<\/ul>\n","protected":false},"excerpt":{"rendered":"NEXUS\u00a0\u00e8 un applicativo di customer relationship management (CRM) attraverso il quale le imprese possono indirizzare le proprie richieste di assistenza all&#8217;Ambasciata. Le richieste vengono inserite in via preferenziale, dalle aziende attraverso la compilazione di un formulario online. Le imprese interessate sono pertanto pregate di compilare il modulo reperibile al sito https:\/\/nexus.esteri.it\/ Per informazioni relative alle [&hellip;]","protected":false},"author":1,"featured_media":0,"parent":43,"menu_order":0,"comment_status":"closed","ping_status":"closed","template":"","meta":{"footnotes":""},"class_list":["post-95","page","type-page","status-publish","hentry"],"_links":{"self":[{"href":"https:\/\/amblavalletta.esteri.it\/it\/wp-json\/wp\/v2\/pages\/95","targetHints":{"allow":["GET"]}}],"collection":[{"href":"https:\/\/amblavalletta.esteri.it\/it\/wp-json\/wp\/v2\/pages"}],"about":[{"href":"https:\/\/amblavalletta.esteri.it\/it\/wp-json\/wp\/v2\/types\/page"}],"author":[{"embeddable":true,"href":"https:\/\/amblavalletta.esteri.it\/it\/wp-json\/wp\/v2\/users\/1"}],"replies":[{"embeddable":true,"href":"https:\/\/amblavalletta.esteri.it\/it\/wp-json\/wp\/v2\/comments?post=95"}],"version-history":[{"count":7,"href":"https:\/\/amblavalletta.esteri.it\/it\/wp-json\/wp\/v2\/pages\/95\/revisions"}],"predecessor-version":[{"id":4339,"href":"https:\/\/amblavalletta.esteri.it\/it\/wp-json\/wp\/v2\/pages\/95\/revisions\/4339"}],"up":[{"embeddable":true,"href":"https:\/\/amblavalletta.esteri.it\/it\/wp-json\/wp\/v2\/pages\/43"}],"wp:attachment":[{"href":"https:\/\/amblavalletta.esteri.it\/it\/wp-json\/wp\/v2\/media?parent=95"}],"curies":[{"name":"wp","href":"https:\/\/api.w.org\/{rel}","templated":true}]}}