{"id":74,"date":"2023-04-11T18:20:09","date_gmt":"2023-04-11T16:20:09","guid":{"rendered":"https:\/\/ambasciatapraga.esteri.it\/?page_id=74"},"modified":"2025-08-29T11:27:38","modified_gmt":"2025-08-29T09:27:38","slug":"autoveicoli-e-patenti-di-guida","status":"publish","type":"page","link":"https:\/\/amblavalletta.esteri.it\/it\/servizi-consolari-e-visti\/servizi-per-il-cittadino-italiano\/autoveicoli-e-patenti-di-guida\/","title":{"rendered":"Autoveicoli e Patenti di guida"},"content":{"rendered":"<h4><strong>Patenti di guida italiane<\/strong><\/h4>\n<p>Nella Repubblica di Malta \u00e8 consentito guidare con la patente di guida italiana in corso di validit\u00e0.<\/p>\n<p><strong>Che cosa deve fare il cittadino italiano stabilmente residente a Malta (e quindi <a href=\"https:\/\/amblavalletta.esteri.it\/it\/servizi-consolari-e-visti\/servizi-per-il-cittadino-italiano\/anagrafe-consolare-aire\/\">iscritto all&#8217;AIRE<\/a>) quando la propria patente di guida italiana <span style=\"text-decoration: underline;\">\u00e8 in procinto di scadere<\/span>?<\/strong><\/p>\n<p>Il cittadino italiano residente nella Repubblica di Malta da almeno 185 giorni, la cui patente di guida \u00e8 in procinto di scadere, pu\u00f2 <strong>convertire<\/strong> la patente di guida italiana in una patente di guida maltese in osservanza delle disposizioni emanate con la Direttiva europea 91\/439 del 29 luglio 1991 (art.1).<\/p>\n<p>Per maggiori informazioni, contatti e moduli visitare <a href=\"https:\/\/www.transport.gov.mt\/land-199\">Land &#8211; Transport Malta (gov.mt)<\/a> e Transport Malta (<a href=\"http:\/\/www.transport.gov.mt\/\">http:\/\/www.transport.gov.mt\/<\/a>).<\/p>\n<p><strong>Cosa si deve fare per richiedere la conversione della patente?<\/strong><\/p>\n<p>Compilare il modulo previsto per convertire la patente di guida italiana in patente di guida maltese.<\/p>\n<p>Presentare il modulo compilato, una copia fronte\/retro della Identity Residence Card maltese e il documento originale, una copia fronte\/retro della patente italiana assieme all\u2019originale, una fotografia a colore formato tessera e l&#8217;importo richiesto per una nuova patente di guida valida per 10 anni (EURO 80) presso gli uffici di Transport Malta in Paola presso A 3 Towers, Arcade Street.<\/p>\n<p><span style=\"text-decoration: underline;\">Si suggerisce di conservare una fotocopia della patente italiana<\/span>.<\/p>\n<p><strong>Cosa deve fare il connazionale residente all&#8217;estero, iscritto Aire, quando smarrisce o gli viene rubata la patente di guida italiana?<\/strong><\/p>\n<p>Lo Stato italiano non emette duplicati delle patenti smarrite o rubate ai connazionali residenti all&#8217;estero. Essi dovranno pertanto richiedere la patente maltese. Occorre seguire la procedura descritta al punto precedente. Vista l\u2019indisponibilit\u00e0 della patente di guida italiana originale, bisogner\u00e0 compilare un documento rilasciato da TM che corrisponde ad una dichiarazione di smarrimento\/furto. Tale procedura ha un costo ulteriore di EURO 8.<\/p>\n<p><strong>Cosa deve fare il connazionale che ristabilisce in Italia la propria residenza?<\/strong><\/p>\n<p>Pu\u00f2 convertire la patente maltese in patente di guida italiana oppure mantenere la patente maltese facendola per\u00f2 riconoscere. Tuttavia, per maggiori informazioni \u00e8 necessario rivolgersi all&#8217;Ufficio della motorizzazione della Provincia nella quale si intende stabilire la residenza.<\/p>\n<p><strong>Che cosa deve fare il connazionale temporaneamente domiciliato nella Repubblica di Malta la cui patente di guida \u00e8 scaduta o in procinto di scadere?<\/strong><\/p>\n<p>Si deve procedere al rinnovo in Italia presso le Autorit\u00e0 competenti.<\/p>\n<p>&nbsp;<\/p>\n<h4><strong>Richieste di radiazione presentate tramite Consolato<\/strong><\/h4>\n<p>Dal 1\u00b0 gennaio 2020, a seguito della modifica del testo dell\u2019art. 103 comma 1 del Codice della Strada, sono entrate in vigore le nuove modalit\u00e0 di radiazione a seguito di definitiva esportazione all\u2019estero.<br \/>\nDi conseguenza, sono state introdotte delle nuove modalit\u00e0 di radiazione per esportazione che prevedono l\u2019obbligo di effettuare la radiazione prima di esportare il veicolo e a condizione che questo abbia effettuato la revisione con esito positivo da almeno 6 mesi dalla data della richiesta, non \u00e8 pi\u00f9 possibile trasmettere tali richieste tramite i Consolati per i veicoli esportati a partire dal 1\u00b0 gennaio 2020.<\/p>\n<p>&nbsp;<\/p>\n<h4><strong>Patenti nautiche<\/strong><\/h4>\n<p>Le Rappresentanze all&#8217;estero in ambito UE non sono competenti al rinnovo delle patenti nautiche o di guida.<\/p>\n<p>La richiesta va fatta all&#8217;Ufficio che ha rilasciato il documento.<\/p>\n<p>Il <a href=\"https:\/\/www.normattiva.it\/uri-res\/N2Ls?urn:nir:ministero.infrastrutture.e.trasporti:decreto:2008-07-29;146!vig=\">DECRETO 29 luglio 2008, n. 146<\/a> \u2013 art. 36 comma 7 \u2013 prevede, tra l\u2019altro, che il giudizio di idoneit\u00e0 psichica e fisica ai fini del rilascio\/rinnovo della patente nautica pu\u00f2 essere espresso, solo per i cittadini italiani residenti all&#8217;estero nella medesima circoscrizione consolare, dal <a href=\"https:\/\/amblavalletta.esteri.it\/it\/servizi-consolari-e-visti\/servizi-per-il-cittadino-italiano\/professionisti-di-riferimento\/\">medico fiduciario<\/a> dell&#8217;Ambasciata.<\/p>\n<p>Per la presentazione della richiesta di rinnovo, l&#8217;interessato dovr\u00e0 attenersi a quanto previsto dal punto D. dell&#8217;allegato Decreto n. 146\/2008, art. 47, (<a href=\"https:\/\/amblavalletta.esteri.it\/wp-content\/uploads\/2023\/07\/patenti_nautiche_pdf.pdf\">clicca qui per scaricare l&#8217;allegato con la indicazioni relative alla richiesta di rinnovo<\/a>)<\/p>\n","protected":false},"excerpt":{"rendered":"Patenti di guida italiane Nella Repubblica di Malta \u00e8 consentito guidare con la patente di guida italiana in corso di validit\u00e0. Che cosa deve fare il cittadino italiano stabilmente residente a Malta (e quindi iscritto all&#8217;AIRE) quando la propria patente di guida italiana \u00e8 in procinto di scadere? Il cittadino italiano residente nella Repubblica di [&hellip;]","protected":false},"author":1,"featured_media":0,"parent":47,"menu_order":16,"comment_status":"closed","ping_status":"closed","template":"","meta":{"footnotes":""},"class_list":["post-74","page","type-page","status-publish","hentry"],"_links":{"self":[{"href":"https:\/\/amblavalletta.esteri.it\/it\/wp-json\/wp\/v2\/pages\/74","targetHints":{"allow":["GET"]}}],"collection":[{"href":"https:\/\/amblavalletta.esteri.it\/it\/wp-json\/wp\/v2\/pages"}],"about":[{"href":"https:\/\/amblavalletta.esteri.it\/it\/wp-json\/wp\/v2\/types\/page"}],"author":[{"embeddable":true,"href":"https:\/\/amblavalletta.esteri.it\/it\/wp-json\/wp\/v2\/users\/1"}],"replies":[{"embeddable":true,"href":"https:\/\/amblavalletta.esteri.it\/it\/wp-json\/wp\/v2\/comments?post=74"}],"version-history":[{"count":7,"href":"https:\/\/amblavalletta.esteri.it\/it\/wp-json\/wp\/v2\/pages\/74\/revisions"}],"predecessor-version":[{"id":4205,"href":"https:\/\/amblavalletta.esteri.it\/it\/wp-json\/wp\/v2\/pages\/74\/revisions\/4205"}],"up":[{"embeddable":true,"href":"https:\/\/amblavalletta.esteri.it\/it\/wp-json\/wp\/v2\/pages\/47"}],"wp:attachment":[{"href":"https:\/\/amblavalletta.esteri.it\/it\/wp-json\/wp\/v2\/media?parent=74"}],"curies":[{"name":"wp","href":"https:\/\/api.w.org\/{rel}","templated":true}]}}