{"id":522,"date":"2023-10-16T12:32:13","date_gmt":"2023-10-16T10:32:13","guid":{"rendered":"https:\/\/amblavalletta.esteri.it\/?page_id=522"},"modified":"2026-01-23T12:40:42","modified_gmt":"2026-01-23T10:40:42","slug":"accordi","status":"publish","type":"page","link":"https:\/\/amblavalletta.esteri.it\/it\/chi-siamo\/la-sede\/cooperazione-politica\/accordi\/","title":{"rendered":"Accordi"},"content":{"rendered":"<h2>Accordi bilaterali<\/h2>\n<p>Di seguito, l&#8217;elenco dei principali Accordi bilaterali in vigore.<\/p>\n<ul>\n<li style=\"text-align: left;\">Memorandum d\u2019intesa nel settore farmaceutico firmato il 18 febbraio tra Malta Medicines Authority (MMA) e l\u2019Agenzia Italiana del Farmaco (AIFA) per rafforzare la cooperazione regolatoria nel settore farmaceutico, migliorare la sicurezza dei medicinali, l\u2019accesso alle terapie, promuovere innovazione, e aumentare la resilienza in caso di emergenze sanitarie.<\/li>\n<li style=\"text-align: left;\">Accordo tecnico siglato il 18 giugno 2025 tra Italia e Malta per la cooperazione nei servizi trasfusionali. L\u2019intesa prevede supporto italiano in caso di emergenze sanitarie e promuove la gestione efficiente di sangue e componenti per produrre farmaci derivati.<\/li>\n<li style=\"text-align: left;\">Memorandum d\u2019intesa tecnico operativa firmato tra il Dipartimento della Pubblica Sicurezza italiano e la Malta Police Force volto al rafforzamento della cooperazione di polizia nel contrasto alla criminalit\u00e0 organizzata transnazionale, al traffico illecito di sostanze stupefacenti e psicotrope, al terrorismo internazionale, al crimine economico e finanziario, alla tratta di esseri umani e all\u2019immigrazione irregolare, nonch\u00e9 alla criminalit\u00e0 informatica e alle attivit\u00e0 inerenti l\u2019ordine e la sicurezza pubblica, firmato a Roma a dicembre 2024.<\/li>\n<li style=\"text-align: left;\">Il 29 aprile 2024, Italia e Malta hanno siglato un Memorandum d\u2019intesa tra le rispettive Supreme Audit Institutions (Corte dei Conti e National Audit Office) per cooperare nella gestione e controllo dei Fondi Europei, in particolare del programma INTERREG V A Italy\u2013Malta.<\/li>\n<li style=\"text-align: left;\">Memorandum d&#8217;intesa per la reciproca collaborazione tra la procura generale della Repubblica di Malta e la Direzione Nazionale Antimafia e Antiterrorismo della Repubblica Italiana.<\/li>\n<li style=\"text-align: left;\"><a href=\"https:\/\/amblavalletta.esteri.it\/wp-content\/uploads\/2023\/10\/accordo_di_cooperazione_scientifica_tra_cnr_e_universita_di_malta.pdf\">Accordo di Cooperazione Scientifica<\/a>\u00a0e annesso\u00a0<a href=\"https:\/\/amblavalletta.esteri.it\/wp-content\/uploads\/2023\/10\/programma_nellambito_dellaccordo_di_cooperazione_scientifica_tra_cnr_e_universita_di_malta.pdf\">Programma<\/a>, tra il Consiglio Nazionale delle Ricerche (CNR) e l\u2019Universita\u2019 di Malta, siglati a Malta il 17 febbraio 2017.<\/li>\n<li style=\"text-align: left;\">Accordo sull&#8217;emissione da parte italiana dei visti Schengen in rappresentanza di Malta, firmato a Roma il 7 dicembre 2016.<\/li>\n<li style=\"text-align: left;\">Dichiarazione congiunta del Ministro della Salute italiano On. Lorenzin e maltese On. Farrugia in ambito di collaborazione medica-sanitaria, siglata a Roma il 31 gennaio 2014.<\/li>\n<li style=\"text-align: left;\">Protocollo d&#8217;intesa sulla registrazione e valorizzazione dei prodotti alimentari di qualit\u00e0, siglato il 24 febbraio 2014 tra l&#8217;Istituto Agronomico Mediterraneo di Bari e il Ministro dell&#8217;Agricoltura e della Pesca maltese.<\/li>\n<li style=\"text-align: left;\">Protocollo tecnico d\u2019Intesa per la formazione sull\u2019assistenza sanitaria e la ricerca sui disturbi alimentari e l\u2019obesit\u00e0, siglato tra il Ministero della Salute di Malta e l\u2019Azienda Sanitaria Locale Umbria 1, siglato il 25 giugno 2013.<\/li>\n<li style=\"text-align: left;\">Memorandum d\u2019Intesa tecnico-operativa tra il Dipartimento della Pubblica Sicurezza Italiano e la Polizia di Malta per il Rafforzamento della cooperazione di polizia nella lotta contro la tratta di esseri umani, l\u2019immigrazione illegale, la criminalit\u00e0 organizzata e il terrorismo, siglato il 4 ottobre 2012.<\/li>\n<li style=\"text-align: left;\">Memorandum d\u2019Intesa sulla cooperazione rafforzata tra il Ministero degli Affari Esteri della Repubblica Italiana e quello della Repubblica di Malta, firmato il 12 settembre 2012;<\/li>\n<li style=\"text-align: left;\">Memorandum d\u2019Intesa per la collaborazione sanitaria e la prestazione di servizi sanitari tra il Ministero per la Salute, gli anziani e l\u2019assistenza sociale di Malta e la Regione Sicilia della Repubblica Italiana, siglato a Roma il 5 settembre 2012.<\/li>\n<li style=\"text-align: left;\">Memorandum d\u2019Intesa per la collaborazione sanitaria e la prestazione di servizi sanitari tra il Ministero per la Salute, gli anziani e l\u2019assistenza sociale di Malta e la Regione Toscana della Repubblica Italiana, siglato a Roma il 5 settembre 2012.<\/li>\n<li style=\"text-align: left;\">Memorandum d\u2019Intesa per la collaborazione sanitaria e la prestazione di servizi sanitari tra il Ministero per la Salute, gli anziani e l\u2019assistenza sociale di Malta e la Regione Lombardia della Repubblica Italiana, siglato a Roma il 5 settembre 2012.<\/li>\n<li style=\"text-align: left;\">Memorandum d\u2019Intesa per la fornitura di servizi nel settore dei trapianti tra il Ministero della Salute maltese e l\u2019Istituto Mediterraneo per i Trapianti e Terapie ad Alta Specializzazione (ISMETT) e il Centro Regionale Trapianti della Sicilia (CRT-Sicilia) siglato il 23 novembre 2011.<\/li>\n<li style=\"text-align: left;\">Accordo di collaborazione culturale, firmato il 28 luglio 1967, completato dall&#8217;XIII Programma esecutivo dell&#8217;Accordo culturale per il periodo 2011-2013, firmato il 25 febbraio 2011, che ne mantiene la validit\u00e0 sino all&#8217;entrata in vigore del nuovo Accordo di collaborazione culturale.<\/li>\n<li style=\"text-align: left;\">Memorandum d\u2019Intesa per la collaborazione nelle attivit\u00e0 di trapianto tra il Ministero della Salute, gli anziani e l\u2019assistenza sociale maltese e il Centro Nazionale Trapianti, siglato il 3 febbraio 2011.<\/li>\n<li style=\"text-align: left;\">Accordo relativo al mantenimento di scorte di petrolio greggio e prodotti petroliferi immagazzinati nei territori dei rispettivi paesi, firmato il 30 giugno 2010 ed entrato in vigore l\u20198 settembre 2010.<\/li>\n<li style=\"text-align: left;\">Memorandum d\u2019Intesa tra il Ministero della Salute della Repubblica Italiana e il Ministero per le Politiche Sociali di Malta sulla collaborazione nel campo della salute e delle scienze mediche, siglato a Malta il 23 dicembre 2009 ed entrato in vigore dalla data della firma.<\/li>\n<li style=\"text-align: left;\">Protocollo all\u2019Accordo tra Italia e Malta per evitare le doppie imposizioni in materia di imposte sul reddito e prevenire evasioni fiscali, firmato a Roma il 13 marzo 2009 ed entrato in vigore il 24.11.2010.<\/li>\n<li style=\"text-align: left;\">Memorandum d\u2019intesa tra il Governo della Repubblica Italiana e il Governo della Repubblica di Malta sulla collaborazione nel campo della difesa siglato il 15 marzo del 2004.<\/li>\n<li style=\"text-align: left;\">Quinto Protocollo italo-maltese di Assistenza Economica, Tecnica e Finanziaria, firmato il 20 dicembre 2002 ed entrato in vigore il 5 gennaio 2004.<\/li>\n<li style=\"text-align: left;\">Accordo di cooperazione operativa congiunta per la sorveglianza aero-marittima nel Mediterraneo per la lotta contro i traffici illeciti in mare, con particolare riferimento a quelle attivit\u00e0 che danneggiano direttamente l&#8217;erario e le dogane, firmato il 20 dicembre 2002 ed entrato in vigore il 31 luglio 2003.<\/li>\n<li style=\"text-align: left;\">Accordo di cooperazione in materia di mutua assistenza nella lotta contro il riciclaggio e l&#8217;impiego di denaro, beni ed altre utilit\u00e0 di provenienza illecita, firmato l&#8217;8 dicembre 2001 ed entrato in vigore l&#8217;8 ottobre 2002.<\/li>\n<li style=\"text-align: left;\">Accordo sulla riammissione di persone non in regola con le norme concernenti l&#8217;ingresso ed il soggiorno nei rispettivi territori, firmato l&#8217;8 dicembre 2001 ed entrato in vigore il 29 novembre 2002.<\/li>\n<li style=\"text-align: left;\">Accordo sulla mutua assistenza amministrativa per la prevenzione, la ricerca e la repressione delle infrazioni doganali, firmato l&#8217;11 aprile 2000 ed entrato in vigore il 1 febbraio 2004.<\/li>\n<li style=\"text-align: left;\">Accordo per evitare le doppie imposizioni in materia di imposte sul reddito e prevenire evasioni fiscali, firmato il 16 luglio 1981 ed entrato in vigore l&#8217;8 maggio 1985.<\/li>\n<li style=\"text-align: left;\">Per Accordi bilaterali precedenti, e tuttora in vigore, pu\u00f2 essere effettuata una ricerca sul seguente sito relativo all&#8217;Archivio dei trattati internazionali sottoscritti dall&#8217;Italia.\u00a0 <strong><a title=\"Vai all'archivio dei Trattati Internazionali. Attenzione! Questo link apre un sito esterno\" href=\"http:\/\/itra.esteri.it\/\">Archivio dei Trattati Internazionali<\/a><\/strong><\/li>\n<\/ul>\n<p>&nbsp;<\/p>\n","protected":false},"excerpt":{"rendered":"Accordi bilaterali Di seguito, l&#8217;elenco dei principali Accordi bilaterali in vigore. Memorandum d\u2019intesa nel settore farmaceutico firmato il 18 febbraio tra Malta Medicines Authority (MMA) e l\u2019Agenzia Italiana del Farmaco (AIFA) per rafforzare la cooperazione regolatoria nel settore farmaceutico, migliorare la sicurezza dei medicinali, l\u2019accesso alle terapie, promuovere innovazione, e aumentare la resilienza in caso [&hellip;]","protected":false},"author":4,"featured_media":0,"parent":516,"menu_order":0,"comment_status":"closed","ping_status":"closed","template":"","meta":{"footnotes":""},"class_list":["post-522","page","type-page","status-publish","hentry"],"_links":{"self":[{"href":"https:\/\/amblavalletta.esteri.it\/it\/wp-json\/wp\/v2\/pages\/522","targetHints":{"allow":["GET"]}}],"collection":[{"href":"https:\/\/amblavalletta.esteri.it\/it\/wp-json\/wp\/v2\/pages"}],"about":[{"href":"https:\/\/amblavalletta.esteri.it\/it\/wp-json\/wp\/v2\/types\/page"}],"author":[{"embeddable":true,"href":"https:\/\/amblavalletta.esteri.it\/it\/wp-json\/wp\/v2\/users\/4"}],"replies":[{"embeddable":true,"href":"https:\/\/amblavalletta.esteri.it\/it\/wp-json\/wp\/v2\/comments?post=522"}],"version-history":[{"count":5,"href":"https:\/\/amblavalletta.esteri.it\/it\/wp-json\/wp\/v2\/pages\/522\/revisions"}],"predecessor-version":[{"id":4921,"href":"https:\/\/amblavalletta.esteri.it\/it\/wp-json\/wp\/v2\/pages\/522\/revisions\/4921"}],"up":[{"embeddable":true,"href":"https:\/\/amblavalletta.esteri.it\/it\/wp-json\/wp\/v2\/pages\/516"}],"wp:attachment":[{"href":"https:\/\/amblavalletta.esteri.it\/it\/wp-json\/wp\/v2\/media?parent=522"}],"curies":[{"name":"wp","href":"https:\/\/api.w.org\/{rel}","templated":true}]}}