{"id":501,"date":"2023-10-16T12:08:30","date_gmt":"2023-10-16T10:08:30","guid":{"rendered":"https:\/\/amblavalletta.esteri.it\/?page_id=501"},"modified":"2025-08-29T14:22:52","modified_gmt":"2025-08-29T12:22:52","slug":"scheda-paese","status":"publish","type":"page","link":"https:\/\/amblavalletta.esteri.it\/it\/italia-e-malta\/diplomazia-economica\/scheda-paese\/","title":{"rendered":"Scheda Paese"},"content":{"rendered":"<p class=\"boxLevel03\">\u00a0<strong>LA SITUAZIONE ECONOMICA DI MALTA<\/strong><\/p>\n<ol>\n<li>Malta, pur con le sue ridotte dimensioni (PIL nominale pari a 19,4 miliardi di euro nel 2023, con un PIL nominale pro-capite pari a 35.490 euro) si conferma come una delle economie pi\u00f9 dinamiche dell\u2019Unione Europea, continuando a registrare un andamento positivo dei principali indicatori macroeconomici. Secondo le stime pi\u00f9 aggiornate, il tasso di crescita del PIL maltese si \u00e8 attestato a +5,6 % per il 2023 ed \u00e8 prevista una crescita del 4,6% nel 2024 e del 4,3% nel 2025, secondo le stime della Commissione europea. Nel 2024, Malta si \u00e8 cos\u00ec imposta come il Paese europeo con la crescita pi\u00f9 rapida.<\/li>\n<\/ol>\n<p>L\u2019economia maltese \u00e8 altamente terziarizzata: i servizi contribuiscono al 78,8% del PIL del Paese (OCSE, 2022). Oltre un quarto del PIL \u00e8 legato al turismo, seguito dai servizi finanziari (circa il 15%) e dal gaming (circa il 12%), oltre che dal settore delle vendite e dei servizi immobiliari e amministrativi. Particolarmente in crescita risulta il settore tecnologico (ICT) e digitale, che contribuisce al 10,3% del prodotto nazionale (nettamente superiore alla media europea che ammonta a 5,5%). Altri settori di attivit\u00e0 prevalenti sono i servizi marittimi e di navigazione, trasporto aereo, settore medico-farmaceutico, arte e intrattenimento. Risultano in crescita il comparto del trasporto aereo (aviazione \u201cd\u2019affari\u201d, registrazione e manutenzione di velivoli), quello medico-sanitario (ospedali, cliniche private, case di cura e di riposo per anziani) e farmaceutico.<\/p>\n<p>Nel 2022, a seguito delle misure del governo maltese volte a mantenere fissi i prezzi dell\u2019energia, il deficit pubblico ha raggiunto il 5,8% del PIL, registrando uno dei tassi pi\u00f9 alti dell\u2019UE. Tuttavia, si prevede una graduale diminuzione di quest\u2019ultimo nel 2023 (5,1%) e nel 2024 (4,5%) in seguito al prospettato ridimensionamento del budget pubblico destinato a mitigare l\u2019impatto dei costi energetici.<\/p>\n<p>A seguito della crisi COVID e dell\u2019espansione della spesa pubblica che ne \u00e8 seguita, la tendenza del rapporto debito\/PIL si \u00e8 invertita. Se infatti, nel 2018, si registrava un rapporto debito\/PIL in riduzione rispetto al 2017 (rispettivamente 46% e 50,2%), nel 2022, il rapporto debito\/PIL ha raggiunto il 53,4% ed \u00e8 destinato a salire al 54,8% nel 2023 e a raggiungere il 56,1% nel 2024. Tuttavia, non dovrebbe comunque superare il 60% del PIL nei prossimi anni, grazie in particolare alla forte crescita del prodotto nazionale maltese.<\/p>\n<ol start=\"2\">\n<li>L\u2019inflazione ha subito un drastico aumento dal 2022, a causa della guerra in Ucraina e del forte aumento della domanda a seguito della fine della crisi COVID. In particolare, nel 2022, il tasso di inflazione ha raggiunto il 6,5%, per poi scendere al 5,09% nel 2023. Per il 2024, \u00e8 previsto un tasso di inflazione al 2,8%, riduzione attribuibile alla frenata della crescita dei prezzi imposti dai principali partner commerciali maltesi.<\/li>\n<li>Nel 2023, Malta ha registrato un tasso di disoccupazione pari al 3,1%, con una disoccupazione giovanile \u2013 dai 15 ai 24 anni \u2013 che si attesta al 9,1%. In particolare, si nota una tendenza generale alla riduzione del tasso di disoccupazione (nettamente inferiore alla media UE27 che si attesta al 5,9% e a quella dell\u2019Eurozona, cio\u00e8 6,4%), grazie anche al contesto macroeconomico maltese in forte espansione. Risulta particolarmente interessante, invece, il fatto che Malta si sia affermata come uno dei pochi Paesi dell\u2019Unione in cui il tasso di disoccupazione maschile (3,2% nel 2023, con quello giovanile all\u201911,6%) risulti pi\u00f9 alto di quello femminile (pari a 2,9% nel 2023, con quello giovanile al 6,1%), ma comunque in entrambi i casi visibilmente inferiori sia alla media dell\u2019Eurozona (rispettivamente 6,1% e 6,7%) che dell\u2019UE27 (rispettivamente 5,7% e 6,2%).<\/li>\n<li>Nel 2022, l\u2019Italia \u00e8 stata il primo fornitore e il quarto cliente di Malta. L\u2019interscambio commerciale tra i due Paesi \u00e8 stato pari a 2,3 miliardi di euro (+9,8% rispetto al 2021), con esportazioni italiane a Malta pari a 2 miliardi di euro (+10,7% rispetto al 2021) e importazioni italiane da Malta pari a 309 milioni di euro (+4,3% rispetto al 2021). La quota di mercato del nostro export a Malta \u00e8 stata pari al 22,3% (2022), considerevolmente superiore a quella francese (6,5%), spagnola (5,7%), tedesca (5,1%) e inglese (4,1%). Nei primi mesi del 2023 (gennaio-aprile), la quota registrata \u00e8 stata del 20,9%, mantenendo una netta superiorit\u00e0 rispetto a quella francese (9%), spagnola (8,1%), tedesca (5,9%) e inglese (5,9%). I principali export italiani a Malta includono prodotti petroliferi raffinati, energia, navi\/imbarcazioni, componenti di elettronica e prodotti alimentari.<\/li>\n<li>Gli IDE diretti a Malta, sia in termini di stock sia in termini di flussi sono da riferirsi per il 97,7% ad attivit\u00e0 finanziarie ed assicurative. Secondo i dati forniti dall\u2019Ufficio di statistica nazionale, lo stock degli IDE verso Malta ammonta a 460 miliardi di euro nel 2022, pi\u00f9 del triplo rispetto ai valori di dieci anni fa (141,9 miliardi di euro nel 2014). Anche gli IDE maltesi, sia in termini di stock (447,5 miliardi di euro nel 2022) che in termini di flussi, sono da riferirsi per il 99,3% ad attivit\u00e0 finanziarie ed assicurative. In questo caso, la crescita \u00e8 ancora pi\u00f9 impressionante, visto che, nel 2014, gli IDE maltesi ammontavano a 36,7 miliardi di euro.<\/li>\n<li>Sono riportate in calce le ultime valutazioni espresse dalle principali agenzie di rating circa l\u2019economia maltese:<\/li>\n<\/ol>\n<p><strong>Malta \u2013 S&amp;P, DBRS , Fitch<\/strong><\/p>\n<p>S&amp;P Rating:\u00a0A-<\/p>\n<p>S&amp;P Outlook:\u00a0Stable<\/p>\n<p>DBRS\u2019s Rating:\u00a0A<\/p>\n<p>DBRS\u2019s Outlook:\u00a0Stable<\/p>\n<p>Fitch Rating:\u00a0A+<\/p>\n<p>Fitch Outlook:\u00a0Stable<\/p>\n<p>Moody\u2019s Rating: A2<\/p>\n<p>Moody\u2019s Outlook: Stable<\/p>\n<p><em>Fonti: National Statistics Office- NSO, Fondo Monetario Internazionale, Eurostat, Commissione Europea\u00a0<\/em><\/p>\n","protected":false},"excerpt":{"rendered":"\u00a0LA SITUAZIONE ECONOMICA DI MALTA Malta, pur con le sue ridotte dimensioni (PIL nominale pari a 19,4 miliardi di euro nel 2023, con un PIL nominale pro-capite pari a 35.490 euro) si conferma come una delle economie pi\u00f9 dinamiche dell\u2019Unione Europea, continuando a registrare un andamento positivo dei principali indicatori macroeconomici. Secondo le stime pi\u00f9 [&hellip;]","protected":false},"author":4,"featured_media":0,"parent":43,"menu_order":0,"comment_status":"closed","ping_status":"closed","template":"","meta":{"footnotes":""},"class_list":["post-501","page","type-page","status-publish","hentry"],"_links":{"self":[{"href":"https:\/\/amblavalletta.esteri.it\/it\/wp-json\/wp\/v2\/pages\/501","targetHints":{"allow":["GET"]}}],"collection":[{"href":"https:\/\/amblavalletta.esteri.it\/it\/wp-json\/wp\/v2\/pages"}],"about":[{"href":"https:\/\/amblavalletta.esteri.it\/it\/wp-json\/wp\/v2\/types\/page"}],"author":[{"embeddable":true,"href":"https:\/\/amblavalletta.esteri.it\/it\/wp-json\/wp\/v2\/users\/4"}],"replies":[{"embeddable":true,"href":"https:\/\/amblavalletta.esteri.it\/it\/wp-json\/wp\/v2\/comments?post=501"}],"version-history":[{"count":2,"href":"https:\/\/amblavalletta.esteri.it\/it\/wp-json\/wp\/v2\/pages\/501\/revisions"}],"predecessor-version":[{"id":2559,"href":"https:\/\/amblavalletta.esteri.it\/it\/wp-json\/wp\/v2\/pages\/501\/revisions\/2559"}],"up":[{"embeddable":true,"href":"https:\/\/amblavalletta.esteri.it\/it\/wp-json\/wp\/v2\/pages\/43"}],"wp:attachment":[{"href":"https:\/\/amblavalletta.esteri.it\/it\/wp-json\/wp\/v2\/media?parent=501"}],"curies":[{"name":"wp","href":"https:\/\/api.w.org\/{rel}","templated":true}]}}