{"id":497,"date":"2023-10-16T12:06:00","date_gmt":"2023-10-16T10:06:00","guid":{"rendered":"https:\/\/amblavalletta.esteri.it\/?page_id=497"},"modified":"2025-09-11T15:13:16","modified_gmt":"2025-09-11T13:13:16","slug":"cooperazione-commerciale","status":"publish","type":"page","link":"https:\/\/amblavalletta.esteri.it\/it\/italia-e-malta\/diplomazia-economica\/cooperazione-commerciale\/","title":{"rendered":"Cooperazione Commerciale"},"content":{"rendered":"<p><strong>Flussi commerciali<\/strong><\/p>\n<p>Nel 2024, il commercio bilaterale tra Italia e Malta ha conosciuto un ulteriore consolidamento, con esportazioni italiane verso l\u2019arcipelago che hanno raggiunto i 2,34 miliardi di euro (+11,9% sul 2023) e importazioni pari a 347 milioni di euro (+20,2%). Il saldo commerciale, ampiamente favorevole all\u2019Italia (1,99 miliardi di euro), testimonia la solidit\u00e0 dei rapporti economici e la centralit\u00e0 dei prodotti \u201cMade in Italy\u201d nel mercato maltese.<\/p>\n<p><strong>Principali prodotti esportati<\/strong><br \/>\nTra i settori di punta spiccano le\u00a0<strong>navi e imbarcazioni<\/strong>, che nel 2024 hanno toccato un valore di 420 milioni di euro, in forte crescita rispetto all\u2019anno precedente (un aumento di oltre il 70%). Particolarmente rilevanti anche i\u00a0<strong>prodotti derivanti dalla raffinazione del petrolio<\/strong>, passati da 344 a oltre 401 milioni di euro, sostenuti dalla costante domanda energetica di Malta.<br \/>\nNel comparto dei\u00a0<strong>beni di consumo durevoli<\/strong>, si si segnala una crescita nel comparto\u00a0<strong>mobili<\/strong>\u00a0fino a 90 milioni di euro, e le\u00a0<strong>altre macchine di impiego generale<\/strong>\u00a0che superano i 58 milioni di euro. Sul versante agroalimentare, i\u00a0<strong>prodotti a base di carne<\/strong>\u00a0raggiungono i 74 milioni di euro, mentre sotto la categoria \u201c<strong>altri prodotti alimentari<\/strong>\u201d sfiora i 55 milioni di euro, confermando la passione maltese per l\u2019eccellenza gastronomica italiana.<\/p>\n<p>Per quanto riguarda i\u00a0<strong>prodotti chimici di base e materie plastiche<\/strong>, si assiste a un leggero incremento, passando da 44 a 50 milioni di euro, mentre le bevande si attestano intorno ai 48 milioni di euro. In calo risultano invece i\u00a0<strong>componenti elettronici<\/strong>, che da 74 milioni di euro nel 2023 scendono a 59 milioni nel 2024, pur restando un settore importante per la fornitura di dispositivi e schede elettroniche.<\/p>\n<p><strong>Principali prodotti importati<\/strong><br \/>\nSul fronte delle importazioni maltesi in Italia, crescono in maniera significativa le\u00a0<strong>navi e imbarcazioni<\/strong>, passate da circa 20 a 72 milioni di euro. Altri segmenti di interesse includono i\u00a0<strong>medicinali e preparati farmaceutici<\/strong>\u00a0che si attestano sui 49 milioni di euro, e i\u00a0<strong>rifiuti<\/strong>, saliti a quasi 40 milioni di euro.<br \/>\nDa notare anche l\u2019andamento delle\u00a0<strong>altre macchine per impieghi speciali<\/strong>, passate da 15 a 22 milioni di euro, e dei\u00a0<strong>prodotti derivanti dalla raffinazione del petrolio<\/strong>, arrivati a 19 milioni di euro. Nel settore chimico (201), l\u2019import di base e fertilizzanti ha registrato un incremento da 4 a oltre 17 milioni di euro, a conferma di un mercato dinamico anche per i materiali di base. Tra gli altri comparti degni di nota figurano gli\u00a0<strong>strumenti e forniture mediche e dentistiche<\/strong>\u00a0con 15 milioni di euro, i\u00a0<strong>pesci e prodotti della pesca<\/strong>\u00a0con 13 milioni e gli \u201c<strong>altri prodotti tessili<\/strong>\u201d, che sfiorano anch\u2019essi i 13 milioni di euro.<\/p>\n<p><strong>Prospettive economiche post-pandemia<\/strong><\/p>\n<p>Secondo le stime dell\u2019Osservatorio Economico MAECI, Malta ha registrato una <strong>ripresa economica sostenuta<\/strong>, con una crescita del PIL del <strong>6% nel 2024<\/strong> e una previsione di <strong>+3,1% per il 2025<\/strong>. Il deficit di bilancio \u00e8 stato contenuto al <strong>3,7%<\/strong>, mentre il debito pubblico \u00e8 rimasto sotto il 60% del PIL.<\/p>\n<p>Il settore terziario, in particolare <strong>turismo e servizi finanziari<\/strong>, continua l\u2019economia del Paese.<\/p>\n<p><strong>Interscambio commerciale (milioni di euro)<\/strong><\/p>\n<table>\n<thead>\n<tr>\n<td width=\"34\"><strong>Anno<\/strong><\/td>\n<td><strong>Esportazioni<\/strong><\/td>\n<td><strong>Importazioni<\/strong><\/td>\n<td><strong>Saldo<\/strong><\/td>\n<\/tr>\n<tr>\n<td width=\"34\">2021<\/p>\n<p>2022<\/td>\n<td>1.836<\/p>\n<p>2.095<\/td>\n<td>297<\/p>\n<p>321<\/td>\n<td>1.540<\/p>\n<p>1.774<\/td>\n<\/tr>\n<\/thead>\n<tbody>\n<tr>\n<td width=\"34\">2023<\/td>\n<td>2.096<\/td>\n<td>289<\/td>\n<td>1.807<\/td>\n<\/tr>\n<tr>\n<td width=\"34\">2024<\/td>\n<td>2.346<\/td>\n<td>348<\/td>\n<td>1.998<\/td>\n<\/tr>\n<\/tbody>\n<\/table>\n<p>Fonte: <a href=\"https:\/\/www.infomercatiesteri.it\/public\/osservatorio\/schede-sintesi\/malta_78.pdf\">Informercatiesteri<\/a><\/p>\n<p><strong>Turismo e collegamenti con l\u2019Italia<\/strong><\/p>\n<p>Nel 2024, Malta ha accolto oltre <strong>3 milioni di turisti<\/strong>, con gli italiani al secondo posto (circa <strong>616.000 visitatori<\/strong>, +11% rispetto al 2023), dopo i britannici e prima di tedeschi e francesi.<\/p>\n<p>I collegamenti aerei diretti tra Malta e l\u2019Italia sono operati da Air Malta, ITA Airways, Ryanair, EasyJet e altre compagnie, con voli regolari da:<\/p>\n<ul>\n<li>Roma, Milano, Napoli, Bologna, Torino, Venezia, Bari, Catania, Palermo, Pisa<\/li>\n<\/ul>\n<p>I collegamenti marittimi includono:<\/p>\n<ul>\n<li>Catamarano Virtu Ferries Pozzallo\u2013Malta<\/li>\n<li>Catamarano Ragusa Xpress Marina di Ragusa \u2013 Malta<\/li>\n<\/ul>\n<p><strong>Turismo maltese in Italia<\/strong><\/p>\n<p>Nel 2024, <strong>circa 300.000 maltesi<\/strong> hanno scelto l\u2019Italia come destinazione turistica principale, seguita da Regno Unito, Germania, Spagna e Francia.<\/p>\n<p>Il turismo da crociera ha registrato <strong>circa 670.000 croceristi<\/strong>, con gli italiani al terzo posto dopo inglesi e tedeschi.<\/p>\n<p><strong>Studenti stranieri<\/strong><\/p>\n<p>Nel 2024, <strong>80.946 studenti stranieri<\/strong> hanno frequentato corsi di lingua inglese a Malta presso scuole autorizzate. Gli italiani rappresentano il gruppo pi\u00f9 numeroso con circa <strong>20.200 presenze (24,9%)<\/strong>, seguiti da francesi (10,3%) e tedeschi (10,1%). Le donne costituiscono il <strong>61,3%<\/strong> degli studenti, mentre gli under 16 rappresentano il <strong>28,1%<\/strong> del totale.<\/p>\n<p><strong>Sistema Fiscale<\/strong><\/p>\n<p>Il regime fiscale maltese continua a essere un elemento attrattivo per gli investitori esteri, con una tassazione favorevole per le imprese. Le autorit\u00e0 maltesi confermano la conformit\u00e0 agli standard UE e OCSE, pur mantenendo la sovranit\u00e0 fiscale nazionale.<\/p>\n","protected":false},"excerpt":{"rendered":"Flussi commerciali Nel 2024, il commercio bilaterale tra Italia e Malta ha conosciuto un ulteriore consolidamento, con esportazioni italiane verso l\u2019arcipelago che hanno raggiunto i 2,34 miliardi di euro (+11,9% sul 2023) e importazioni pari a 347 milioni di euro (+20,2%). Il saldo commerciale, ampiamente favorevole all\u2019Italia (1,99 miliardi di euro), testimonia la solidit\u00e0 dei [&hellip;]","protected":false},"author":4,"featured_media":0,"parent":43,"menu_order":0,"comment_status":"closed","ping_status":"closed","template":"","meta":{"footnotes":""},"class_list":["post-497","page","type-page","status-publish","hentry"],"_links":{"self":[{"href":"https:\/\/amblavalletta.esteri.it\/it\/wp-json\/wp\/v2\/pages\/497","targetHints":{"allow":["GET"]}}],"collection":[{"href":"https:\/\/amblavalletta.esteri.it\/it\/wp-json\/wp\/v2\/pages"}],"about":[{"href":"https:\/\/amblavalletta.esteri.it\/it\/wp-json\/wp\/v2\/types\/page"}],"author":[{"embeddable":true,"href":"https:\/\/amblavalletta.esteri.it\/it\/wp-json\/wp\/v2\/users\/4"}],"replies":[{"embeddable":true,"href":"https:\/\/amblavalletta.esteri.it\/it\/wp-json\/wp\/v2\/comments?post=497"}],"version-history":[{"count":2,"href":"https:\/\/amblavalletta.esteri.it\/it\/wp-json\/wp\/v2\/pages\/497\/revisions"}],"predecessor-version":[{"id":4343,"href":"https:\/\/amblavalletta.esteri.it\/it\/wp-json\/wp\/v2\/pages\/497\/revisions\/4343"}],"up":[{"embeddable":true,"href":"https:\/\/amblavalletta.esteri.it\/it\/wp-json\/wp\/v2\/pages\/43"}],"wp:attachment":[{"href":"https:\/\/amblavalletta.esteri.it\/it\/wp-json\/wp\/v2\/media?parent=497"}],"curies":[{"name":"wp","href":"https:\/\/api.w.org\/{rel}","templated":true}]}}