{"id":49,"date":"2023-04-11T18:13:11","date_gmt":"2023-04-11T16:13:11","guid":{"rendered":"https:\/\/ambasciatapraga.esteri.it\/?page_id=49"},"modified":"2025-12-16T11:43:57","modified_gmt":"2025-12-16T09:43:57","slug":"passaporti-e-carte-didentita","status":"publish","type":"page","link":"https:\/\/amblavalletta.esteri.it\/it\/servizi-consolari-e-visti\/servizi-per-il-cittadino-italiano\/passaporti-e-carte-didentita\/","title":{"rendered":"Passaporto"},"content":{"rendered":"<p>Il passaporto \u00e8 un documento di viaggio che pu\u00f2 essere richiesto alla Cancelleria consolare dai cittadini regolarmente residenti nella Circoscrizione Consolare e <a href=\"https:\/\/amblavalletta.esteri.it\/it\/servizi-consolari-e-visti\/servizi-per-il-cittadino-italiano\/anagrafe-consolare-aire\/\">iscritti all\u2019AIRE<\/a>, oppure, in casi eccezionali, dai non residenti, solo e soltanto per comprovati e documentati motivi. In quest\u2019ultimo caso si segnala che sar\u00e0 necessario acquisire preventivamente il nulla osta e la delega espressa da parte dell\u2019Ufficio competente per residenza (Questura o Rappresentanza Diplomatico-consolare).<\/p>\n<p>Si rammenta che per risiedere e viaggiare nei Paesi dell\u2019Unione Europea \u00e8 sufficiente la <a href=\"https:\/\/amblavalletta.esteri.it\/it\/servizi-consolari-e-visti\/servizi-per-il-cittadino-italiano\/carta-didentita-elettronica-cie\/\">CIE<\/a> valida per l\u2019espatrio.<\/p>\n<h4><strong>1. Informazioni generali<\/strong><\/h4>\n<p><span style=\"font-weight: normal !msorm;\"><strong>1.1 Validit\u00e0<\/strong><\/span><\/p>\n<p>La <span style=\"font-weight: normal !msorm;\"><strong>validit\u00e0<\/strong><\/span> del passaporto differisce in base all\u2019et\u00e0 del titolare:<\/p>\n<ul>\n<li>per i minori di 3 anni la validit\u00e0 \u00e8 di 3 anni;<\/li>\n<li>per i minori dai 3 ai 18 anni la validit\u00e0 \u00e8 di 5 anni;<\/li>\n<li>per i maggiorenni la validit\u00e0 \u00e8 di 10 anni.<\/li>\n<\/ul>\n<p><strong>1.2 Costi e modalit\u00e0 di pagamento<\/strong><\/p>\n<p>Per il\u00a0<strong>pagamento\u00a0<\/strong><strong>e i<\/strong>\u00a0<strong>diritti consolari<\/strong>\u00a0da corrispondere, si prega di consultare la pagina\u00a0<a href=\"https:\/\/amblavalletta.esteri.it\/it\/servizi-consolari-e-visti\/servizi-per-il-cittadino-italiano\/albo-consolare-e-altri-servizi\/tariffa-consolare\/\">Tariffa Consolare \u2013 Ambasciata d\u2019Italia La Valletta<\/a>.<\/p>\n<p>Si ricorda che <strong>anche i minori devono richiedere un passaporto individuale<\/strong>\u00a0e pertanto i richiedenti devono effettuare il\u00a0<strong>pagamento completo<\/strong>\u00a0secondo le modalit\u00e0 indicate.<\/p>\n<p><strong>1.3 Prenotare l\u2019appuntamento<\/strong><\/p>\n<p>Per i servizi di rinnovo\/rilascio del passaporto gli appuntamenti verranno assegnati\u00a0<strong>esclusivamente\u00a0<\/strong>tramite la\u00a0<strong>nuova piattaforma <a href=\"https:\/\/prenotami.esteri.it\/\">Prenot@mi<\/a>.<\/strong><\/p>\n<p><a href=\"https:\/\/l.instagram.com\/?u=http%3A%2F%2Flinktr.ee%2Fitalyinmalta%3Futm_source%3Dig%26utm_medium%3Dsocial%26utm_content%3Dlink_in_bio%26fbclid%3DPAZXh0bgNhZW0CMTEAc3J0YwZhcHBfaWQMMjU2MjgxMDQwNTU4AAGnOqnvS3z1n_1N2CGJhK9U0PnHGSc0rjEhKnfVce3fb2rq5q3l96Nabkel-n0_aem_gDDQwoj4FLLS_HygU6zi5A&amp;e=AT3WWTLzb8RyXnLyl7T-594wQs_7iPlnd29ScIu4mjRnhCmyxDcMo4kl4aQV0v-upcB-DDPMl2n8qEAHg6EbVbGHp0eWhjwd7F5-8sORcA\">VIDEO TUTORIAL PER L&#8217;UTILIZZO DELLA PIATTOFARMA PRENOT@MI<\/a><\/p>\n<p>Il nuovo sistema permetter\u00e0 di fissare un appuntamento in modo semplice, veloce e sicuro, scegliendo data e orario disponibili direttamente online.<\/p>\n<p>\ud83d\udc49\u00a0<strong>Accedi al Prenot@mi:<\/strong>\u00a0<a href=\"https:\/\/prenotami.esteri.it\/\">Home Page \u2013 Prenot@Mi<\/a><\/p>\n<p>Nella comunicazione di conferma dell\u2019appuntamento che verr\u00e0 inviata alla casella e-mail indicata \u00e8 riportata la documentazione da produrre il giorno dell\u2019appuntamento stesso.<\/p>\n<p>La domanda per un nuovo passaporto pu\u00f2 essere presentata durante gli ultimi 6 mesi di validit\u00e0 del passaporto oppure quando il documento \u00e8 gi\u00e0 scaduto. Al fine di consentire il corretto svolgimento della pratica, in ragione di tempistiche tecniche, si invitano i connazionali a trasmettere le richieste almeno tre mesi prima della scadenza del passaporto o comunque del periodo in cui si prevede di utilizzare il passaporto.<\/p>\n<p><strong>Non \u00e8 possibile creare un account per un minore<\/strong>.\u00a0 Se un genitore sta prenotando per s\u00e9 e per il\/i figlio\/i e per il coniuge dovr\u00e0 selezionare <strong>Prenotazione multipla. Se la richiesta riguarda solo il minore,\u00a0 il genitore pu\u00f2 fare la prenotazione a suo nome aggiungendo i dati del minore nel campo NOTE.<\/strong><\/p>\n<p><strong>1.4 Rilevazione delle impronte digitali e casi di esenzione.<\/strong><\/p>\n<p>Il rilascio del passaporto elettronico con le impronte digitali e la firma digitalizzata richiede la presenza fisica del connazionale presso la Cancelleria Consolare. Completata l\u2019istruttoria, il richiedente potr\u00e0 recarsi alla Cancelleria Consolare per la rilevazione delle impronte digitali e l\u2019apposizione della firma. I minori di anni 12 sono <span style=\"font-weight: normal !msorm;\"><strong>esentati<\/strong><\/span> dalla rilevazione delle impronte digitali e dalla firma.<br \/>\nPer ulteriori casi di esenzione, si prega di fare riferimento a <a href=\"https:\/\/www.esteri.it\/it\/servizi-consolari-e-visti\/italiani-all-estero\/documenti_di_viaggio\/passaporto\/\">questa pagina<\/a>.<\/p>\n<p>Il passaporto potr\u00e0 essere ritirato lo stesso giorno dell\u2019appuntamento presso lo sportello della Cancelleria Consolare dopo aver constatato la correttezza dei dati in esso contenuto dallo stesso richiedente o nel caso di un minore da almeno uno dei genitori, nonch\u00e9 della documentazione presentata, incluso il pagamento.<\/p>\n<p>&nbsp;<\/p>\n<h4><strong>2. Passaporto individuale per i minori<\/strong><\/h4>\n<p>I minori italiani che viaggiano devono essere muniti di documento di viaggio individuale. Ai fini del rilascio del passaporto per i minori \u00e8 previsto l\u2019<strong>obbligo di fornire il relativo assenso<\/strong>, firmato da <strong>entrambi<\/strong> i genitori o da chi esercita la responsabilit\u00e0 genitoriale.<\/p>\n<p>All\u2019appuntamento per la richiesta di emissione del passaporto a favore di minori \u00e8 necessaria la <span style=\"font-weight: normal !msorm;\"><strong>presenza di entrambi i genitori e del minore<\/strong><\/span>.<\/p>\n<p>In alternativa ed esclusivamente sussistendo comprovate e motivate ragioni, qualora uno dei due genitori sia impossibilitato a recarsi presso l&#8217;Ufficio consolare, l\u2019assenso pu\u00f2 essere manifestato con congruo anticipo (almeno 5 giorni prima dell&#8217;appuntamento) in una delle seguenti forme:<\/p>\n<ul>\n<li>personalmente presso un qualsiasi Ufficio della Pubblica Amministrazione Italiana abilitato ad autenticare firme: (es. Questura o altri rappresentanze diplomatico-consolari);<\/li>\n<li>mediante l\u2019invio a mezzo PEC (intestata al genitore rilasciante l\u2019assenso) dell\u2019apposito modulo \u2013 reperibile nella sezione \u201c<a href=\"https:\/\/amblavalletta.esteri.it\/it\/servizi-consolari-e-visti\/servizi-per-il-cittadino-italiano\/modulistica\/\">Modulistica<\/a>\u201d del sito web \u2013 allegando altres\u00ec copia di un documento d\u2019identit\u00e0;<\/li>\n<li>mediante l\u2019invio dell\u2019apposito modulo di assenso \u2013 reperibile nella sezione \u201c<a href=\"https:\/\/amblavalletta.esteri.it\/it\/servizi-consolari-e-visti\/servizi-per-il-cittadino-italiano\/modulistica\/\">Modulistica<\/a>\u201d del sito web \u2013 firmato con l\u2019applicazione <a href=\"https:\/\/www.cartaidentita.interno.gov.it\/info-utili\/firma-con-cie\/\">CIESign<\/a> in formato .PDF \u2013 e non .p7m \u2013 allegando altres\u00ec copia della CIE utilizzata per la firma del modulo.<\/li>\n<\/ul>\n<p><strong>2.1 Dichiarazione di\u00a0accompagnamento<\/strong><\/p>\n<p>La normativa italiana prevede che i minori di 14 anni che si recano all\u2019estero non accompagnati da uno dei genitori o da chi ne fa le veci siano muniti di una <strong>dichiarazione di accompagnamento<\/strong>: per tutte le informazioni sul rilascio, si prega di fare riferimento a <a href=\"https:\/\/amblavalletta.esteri.it\/it\/servizi-consolari-e-visti\/servizi-per-il-cittadino-italiano\/dichiarazione-di-accompagnamento\/\">questa pagina<\/a>.<\/p>\n<p>&nbsp;<\/p>\n<h4><strong>3. Furto o smarrimento del passaporto (non residenti a Malta)<\/strong><\/h4>\n<p><strong>3.1 Restituzione passaporti rubati o smarriti<\/strong><\/p>\n<p>I passaporti oggetto di furto o smarrimento e successivamente rinvenuti da parte delle locali Autorit\u00e0 vengono restituiti a questa Cancelleria Consolare.<br \/>\nSi invita pertanto a verificare se i propri passaporti siano stati rinvenuti, contattando questa Cancelleria Consolare per ulteriori informazioni in merito.<br \/>\nSi segnala che l\u2019eventuale ritiro del passaporto potr\u00e0 avvenire secondo le seguenti modalit\u00e0:<\/p>\n<ul>\n<li>Ritiro diretto presso la Cancelleria Consolare;<\/li>\n<li>Invio per posta, con spese di spedizione a carico del richiedente.<\/li>\n<\/ul>\n<p>Si ricorda che, trascorso il periodo massimo di un anno di giacenza presso la Cancelleria Consolare, a decorrere dalla data in cui le Autorit\u00e0 locali restituiscono i passaporti rubati o smarriti, senza che i documenti siano stati reclamati dai legittimi proprietari, si proceder\u00e0 alla loro distruzione senza ulteriori comunicazioni.<\/p>\n<p><strong>3.2 Documento provvisorio di viaggio<\/strong><\/p>\n<p>Per ogni informazione relativa al rilascio del <strong>documento provvisorio di viaggio<\/strong>, emesso qualora il cittadino italiano si trovi in una situazione di emergenza (ad esempio in caso di smarrimento o furto del passaporto) e non si faccia in tempo ad esperire la necessaria istruttoria per l\u2019emissione di un nuovo passaporto, si prega di fare riferimento a questa pagina: <a href=\"https:\/\/amblavalletta.esteri.it\/it\/servizi-consolari-e-visti\/servizi-per-il-cittadino-italiano\/emergency-travel-documents-etd\/\">E.T.D. \u2013 Emergency Travel Document<\/a>.<\/p>\n<p>&nbsp;<\/p>\n<h4><strong>4. Rilascio Passaporti \u201cin urgenza\u201d<\/strong><\/h4>\n<p>Si ricorda agli utenti che i motivi che giustificano la domanda di emissione di passaporto \u201cin urgenza\u201d devono essere sempre comprovati documentati ed avallati dal responsabile dell\u2019Ufficio.<\/p>\n<p>L\u2019urgenza potr\u00e0 essere giustificata da:<\/p>\n<ul>\n<li>gravi motivi familiari\/di salute, comprovati da appositi certificati;<\/li>\n<li>improrogabili necessit\u00e0 di lavoro, comprovate da richiesta scritta e firmata dal datore di lavoro o dal capo del personale.<br \/>\nTale richiesta dovr\u00e0 riportare il nominativo del firmatario, il ruolo ricoperto ed il numero di telefono, dovr\u00e0 essere redatta su carta intestata del datore di lavoro e accompagnata, se del caso, dalla prenotazione del volo, o altro titolo di viaggio.<\/li>\n<\/ul>\n<p>La normativa vigente prevede che, oltre al normale costo del passaporto, siano da corrispondere i previsti \u201cdiritti di urgenza\u201d pari a EUR 50,00.<\/p>\n<p><strong>4.1 Avvertenze<\/strong><\/p>\n<p>Gli utenti sono pregati di <span style=\"font-weight: normal !msorm;\"><strong>non prenotare voli o viaggi prima di aver ottenuto un passaporto valido<\/strong><\/span> per il periodo considerato. Il mero possesso di un biglietto aereo <span style=\"font-weight: normal !msorm;\"><strong>non costituisce motivo per il rilascio d\u2019urgenza<\/strong><\/span> n\u00e9 per la lavorazione prioritaria delle domande.<\/p>\n","protected":false},"excerpt":{"rendered":"Il passaporto \u00e8 un documento di viaggio che pu\u00f2 essere richiesto alla Cancelleria consolare dai cittadini regolarmente residenti nella Circoscrizione Consolare e iscritti all\u2019AIRE, oppure, in casi eccezionali, dai non residenti, solo e soltanto per comprovati e documentati motivi. In quest\u2019ultimo caso si segnala che sar\u00e0 necessario acquisire preventivamente il nulla osta e la delega [&hellip;]","protected":false},"author":1,"featured_media":0,"parent":47,"menu_order":2,"comment_status":"closed","ping_status":"closed","template":"","meta":{"footnotes":""},"class_list":["post-49","page","type-page","status-publish","hentry"],"_links":{"self":[{"href":"https:\/\/amblavalletta.esteri.it\/it\/wp-json\/wp\/v2\/pages\/49","targetHints":{"allow":["GET"]}}],"collection":[{"href":"https:\/\/amblavalletta.esteri.it\/it\/wp-json\/wp\/v2\/pages"}],"about":[{"href":"https:\/\/amblavalletta.esteri.it\/it\/wp-json\/wp\/v2\/types\/page"}],"author":[{"embeddable":true,"href":"https:\/\/amblavalletta.esteri.it\/it\/wp-json\/wp\/v2\/users\/1"}],"replies":[{"embeddable":true,"href":"https:\/\/amblavalletta.esteri.it\/it\/wp-json\/wp\/v2\/comments?post=49"}],"version-history":[{"count":13,"href":"https:\/\/amblavalletta.esteri.it\/it\/wp-json\/wp\/v2\/pages\/49\/revisions"}],"predecessor-version":[{"id":4752,"href":"https:\/\/amblavalletta.esteri.it\/it\/wp-json\/wp\/v2\/pages\/49\/revisions\/4752"}],"up":[{"embeddable":true,"href":"https:\/\/amblavalletta.esteri.it\/it\/wp-json\/wp\/v2\/pages\/47"}],"wp:attachment":[{"href":"https:\/\/amblavalletta.esteri.it\/it\/wp-json\/wp\/v2\/media?parent=49"}],"curies":[{"name":"wp","href":"https:\/\/api.w.org\/{rel}","templated":true}]}}