{"id":43,"date":"2023-04-11T18:10:30","date_gmt":"2023-04-11T16:10:30","guid":{"rendered":"https:\/\/ambasciatapraga.esteri.it\/?page_id=43"},"modified":"2025-08-29T13:30:58","modified_gmt":"2025-08-29T11:30:58","slug":"diplomazia-economica","status":"publish","type":"page","link":"https:\/\/amblavalletta.esteri.it\/it\/italia-e-malta\/diplomazia-economica\/","title":{"rendered":"Diplomazia economica"},"content":{"rendered":"<p style=\"font-weight: 400;\"><b><strong>Ufficio economico-commerciale<\/strong><\/b><\/p>\n<p>L&#8217;Ufficio Commerciale \u00e8 aperto al pubblico dal Luned\u00ec al Venerd\u00ec dalle 9.30 alle 12.30, esclusi i giorni di <a href=\"https:\/\/amblavalletta.esteri.it\/it\/chi-siamo\/gli-uffici\/festivita-della-sede\/\">ricorrenze festive<\/a> osservati da questa sede.<\/p>\n<p>Gli obiettivi principali dell\u2019Ufficio Commerciale sono:<br \/>\n\u2022 Fornire informazioni sull&#8217;economia maltese, sui suoi settori principali e sulle opportunit\u00e0 offerte da gare internazionali;<br \/>\n\u2022 Promuovere le iniziative commerciali italiane a Malta;<br \/>\n\u2022 Assistere le persone fisiche o giuridiche italiane che desiderano effettuare un investimento a Malta fornendo loro le principali linee guida e indirizzandole verso gli enti maltesi competenti;<br \/>\n\u2022 Favorire gli scambi commerciali fra Italia e Malta offrendo la propria assistenza nei rapporti commerciali fra le societ\u00e0 italiane e quelle maltesi.<\/p>\n<p>Il <span class=\"u-color-grey-50 u-text-r-xs u-textWeight-700\">DESK ICE-Agenzia presso l&#8217;Ambasciata d&#8217;Italia a Malta fornisce informazioni al seguente collegamento: <a href=\"https:\/\/www.ice.it\/it\/mercati\/malta\">https:\/\/www.ice.it\/it\/mercati\/malta<\/a>.<\/span><\/p>\n<p>Nell&#8217;esercizio di tali funzioni, l&#8217;Ufficio commerciale collabora con la Camera di Commercio Italo-Maltese:<\/p>\n<p style=\"font-weight: 400;\"><b><strong>Camera di Commercio italo-maltese<\/strong><\/b><br \/>\nSegretario Generale Enry Di Giacomo<br \/>\n55\/1, Giusepp\u00e9 Cali Street,<br \/>\nXBX1425 Ta&#8217; Xbiex<br \/>\nMalta<br \/>\nTel: 00356 21244895<br \/>\nFax: 00356 21236168<br \/>\nE-mail: <a href=\"mailto:info@italiamalta.net\">info@italiamalta.net<\/a><br \/>\nVOIP 0039 06 92948483<br \/>\n<a href=\"https:\/\/www.micc.org.mt\/\">https:\/\/www.micc.org.mt\/<\/a><br \/>\n<a href=\"https:\/\/www.italiamalta.net\/\">https:\/\/www.italiamalta.net\/<\/a><\/p>\n","protected":false},"excerpt":{"rendered":"Ufficio economico-commerciale L&#8217;Ufficio Commerciale \u00e8 aperto al pubblico dal Luned\u00ec al Venerd\u00ec dalle 9.30 alle 12.30, esclusi i giorni di ricorrenze festive osservati da questa sede. Gli obiettivi principali dell\u2019Ufficio Commerciale sono: \u2022 Fornire informazioni sull&#8217;economia maltese, sui suoi settori principali e sulle opportunit\u00e0 offerte da gare internazionali; \u2022 Promuovere le iniziative commerciali italiane a [&hellip;]","protected":false},"author":1,"featured_media":0,"parent":14,"menu_order":0,"comment_status":"closed","ping_status":"closed","template":"","meta":{"footnotes":""},"class_list":["post-43","page","type-page","status-publish","hentry"],"_links":{"self":[{"href":"https:\/\/amblavalletta.esteri.it\/it\/wp-json\/wp\/v2\/pages\/43","targetHints":{"allow":["GET"]}}],"collection":[{"href":"https:\/\/amblavalletta.esteri.it\/it\/wp-json\/wp\/v2\/pages"}],"about":[{"href":"https:\/\/amblavalletta.esteri.it\/it\/wp-json\/wp\/v2\/types\/page"}],"author":[{"embeddable":true,"href":"https:\/\/amblavalletta.esteri.it\/it\/wp-json\/wp\/v2\/users\/1"}],"replies":[{"embeddable":true,"href":"https:\/\/amblavalletta.esteri.it\/it\/wp-json\/wp\/v2\/comments?post=43"}],"version-history":[{"count":7,"href":"https:\/\/amblavalletta.esteri.it\/it\/wp-json\/wp\/v2\/pages\/43\/revisions"}],"predecessor-version":[{"id":4305,"href":"https:\/\/amblavalletta.esteri.it\/it\/wp-json\/wp\/v2\/pages\/43\/revisions\/4305"}],"up":[{"embeddable":true,"href":"https:\/\/amblavalletta.esteri.it\/it\/wp-json\/wp\/v2\/pages\/14"}],"wp:attachment":[{"href":"https:\/\/amblavalletta.esteri.it\/it\/wp-json\/wp\/v2\/media?parent=43"}],"curies":[{"name":"wp","href":"https:\/\/api.w.org\/{rel}","templated":true}]}}