{"id":4244,"date":"2025-08-29T12:07:54","date_gmt":"2025-08-29T10:07:54","guid":{"rendered":"https:\/\/amblavalletta.esteri.it\/?page_id=4244"},"modified":"2025-08-29T12:08:56","modified_gmt":"2025-08-29T10:08:56","slug":"accettazione-rinuncia-alleredita","status":"publish","type":"page","link":"https:\/\/amblavalletta.esteri.it\/it\/servizi-consolari-e-visti\/servizi-per-il-cittadino-italiano\/servizi-notarili\/accettazione-rinuncia-alleredita\/","title":{"rendered":"Accettazione\/Rinuncia all\u2019eredit\u00e0"},"content":{"rendered":"<p><strong>MODALIT\u00c0 DI PRENOTAZIONE E COSTO DEL SERVIZIO<\/strong><\/p>\n<p>Le accettazioni o rinunce all\u2019eredit\u00e0 vanno eseguite nella forma dichiarazioni <strong>sottoscritte\u00a0<\/strong>presso uno specifico funzionario ed in seguito\u00a0<strong>registrate<\/strong>\u00a0presso la Cancelleria della Volontaria Giurisdizione del Tribunale italiano nella cui circoscrizione si sia aperta la successione.<\/p>\n<p>La\u00a0<strong>sottoscrizione<\/strong>\u00a0della dichiarazione di accettazione\/rinuncia all\u2019eredit\u00e0 deve essere eseguita\u00a0<strong>entro 10 anni<\/strong>\u00a0dal giorno della morte del defunto.\u00a0 Pu\u00f2 essere fatta:<\/p>\n<ul>\n<li>Direttamente presso la Cancelleria della Volontaria Giurisdizione del Tribunale italiano dove andr\u00e0 poi registrata;<\/li>\n<li>Presso un notaio in Italia;<\/li>\n<li>Presso gli Uffici Consolari italiani.<\/li>\n<\/ul>\n<p>I cittadini\u00a0<strong>italiani<\/strong>\u00a0che desiderino sottoscrivere una dichiarazione di accettazione o di rinuncia all\u2019eredit\u00e0 dovranno richiedere un appuntamento scrivendo all\u2019indirizzo <a href=\"mailto:consolare.lavalletta@esteri.it\">consolare.lavalletta@esteri.it<\/a>, includendo nell\u2019e-mail le generalit\u00e0 del <em>de cuius<\/em> (ereditando\/testatore) e dell\u2019erede, oltre al certificato di morte della persona deceduta.<\/p>\n<p>Per il\u00a0<strong>pagamento <\/strong><strong>e i<\/strong> <strong>diritti consolari<\/strong> da corrispondere, si prega di consultare la pagina <a href=\"https:\/\/amblavalletta.esteri.it\/it\/servizi-consolari-e-visti\/servizi-per-il-cittadino-italiano\/albo-consolare-e-altri-servizi\/tariffa-consolare\/\">Tariffa Consolare \u2013 Ambasciata d&#8217;Italia La Valletta<\/a>.<\/p>\n<p><strong>AVVERTENZE<\/strong><\/p>\n<p>La rinuncia all\u2019eredit\u00e0 deve essere inserita nel registro delle successioni tenuto presso la cancelleria del Tribunale nella cui circoscrizione sia aperta la successione. La dichiarazione effettuata presso questa Cancelleria consolare pertanto va successivamente <strong>registrata<\/strong>, a cura dell\u2019interessato, presso predetta Cancelleria. Per modalit\u00e0 di registrazione e pagamento della relativa imposta, si prega di prendere contatto diretto con il Tribunale di riferimento.<\/p>\n<p><strong>MINORI<\/strong><\/p>\n<p>Nel caso in cui l\u2019accettazione o la rinuncia all\u2019eredit\u00e0 riguardi un\u00a0<strong>cittadino italiano minorenne<\/strong>, sar\u00e0 necessario ottenere preventivamente un\u2019autorizzazione del <strong>Giudice Tutelare<\/strong>.<\/p>\n<p>In base al D. Lgs. 71\/2011 il Capo dell\u2019Ufficio Consolare esercita nei confronti dei cittadini minorenni, residenti in questa circoscrizione consolare ed iscritti all\u2019AIRE, le funzioni ed i poteri, in materia di tutela e di curatela, che le leggi dello Stato attribuiscono al giudice tutelare. In tal caso, i genitori o gli esercenti la responsabilit\u00e0 sui figli minori, residenti in questa circoscrizione consolare e iscritti all\u2019AIRE, devono <strong>presentare istanza<\/strong> al Capo della Cancelleria Consolare in qualit\u00e0 di giudice tutelare per iniziative di natura patrimoniale eccedenti l\u2019ordinaria amministrazione, quali le accettazioni\/rinunce all\u2019eredit\u00e0. Nella sezione \u201c<a href=\"https:\/\/amblavalletta.esteri.it\/it\/servizi-consolari-e-visti\/servizi-per-il-cittadino-italiano\/modulistica\/\">Modulistica<\/a>\u201d del sito \u00e8 possibile scaricare modelli di istanza modificabili dagli interessati:<\/p>\n<ul>\n<li>Accettazione eredit\u00e0 per minore<\/li>\n<li>Rinuncia all\u2019eredit\u00e0 per minore<\/li>\n<li>Dichiarazione sostitutiva di atto notorio\u00a0sottoscritta da entrambi i genitori ove risulti chi sono tutti gli eredi o chiamati all\u2019eredit\u00e0 e che l\u2019eredit\u00e0 \u00e8 passiva. Occorre specificare e documentare le passivit\u00e0, indicando al contempo la presenza nel patrimonio della persona deceduta di eventuali beni, titoli o altre attivit\u00e0 a lui intestate.<\/li>\n<\/ul>\n<p>L\u2019istanza, deve essere presentata all\u2019Ufficio Notarile dai genitori congiuntamente o da quello di essi che esercita in via esclusiva la responsabilit\u00e0 genitoriale. Per depositare l\u2019istanza e la relativa documentazione sar\u00e0 necessario concordare un appuntamento scrivendo all\u2019indirizzo\u00a0<a href=\"mailto:consolare.lavalletta@esteri.it\">consolare.lavalletta@esteri.it<\/a>.<\/p>\n<p>Il Capo della Cancelleria Consolare pu\u00f2 autorizzare l\u2019istanza cos\u00ec come proposta dalle parti o rigettarla se, dopo aver valutato l\u2019interesse per il minore, non la ritenga tuttavia vantaggiosa. \u00c8 facolt\u00e0 del Capo della Cancelleria Consolare richiedere la produzione di ulteriore documentazione.<\/p>\n<p>Per il\u00a0<strong>pagamento <\/strong><strong>e i<\/strong> <strong>diritti consolari<\/strong> da corrispondere, si prega di consultare la pagina <a href=\"https:\/\/amblavalletta.esteri.it\/it\/servizi-consolari-e-visti\/servizi-per-il-cittadino-italiano\/albo-consolare-e-altri-servizi\/tariffa-consolare\/\">Tariffa Consolare \u2013 Ambasciata d&#8217;Italia La Valletta<\/a>.<\/p>\n","protected":false},"excerpt":{"rendered":"MODALIT\u00c0 DI PRENOTAZIONE E COSTO DEL SERVIZIO Le accettazioni o rinunce all\u2019eredit\u00e0 vanno eseguite nella forma dichiarazioni sottoscritte\u00a0presso uno specifico funzionario ed in seguito\u00a0registrate\u00a0presso la Cancelleria della Volontaria Giurisdizione del Tribunale italiano nella cui circoscrizione si sia aperta la successione. La\u00a0sottoscrizione\u00a0della dichiarazione di accettazione\/rinuncia all\u2019eredit\u00e0 deve essere eseguita\u00a0entro 10 anni\u00a0dal giorno della morte del defunto.\u00a0 [&hellip;]","protected":false},"author":4,"featured_media":0,"parent":71,"menu_order":2,"comment_status":"closed","ping_status":"closed","template":"","meta":{"footnotes":""},"class_list":["post-4244","page","type-page","status-publish","hentry"],"_links":{"self":[{"href":"https:\/\/amblavalletta.esteri.it\/it\/wp-json\/wp\/v2\/pages\/4244","targetHints":{"allow":["GET"]}}],"collection":[{"href":"https:\/\/amblavalletta.esteri.it\/it\/wp-json\/wp\/v2\/pages"}],"about":[{"href":"https:\/\/amblavalletta.esteri.it\/it\/wp-json\/wp\/v2\/types\/page"}],"author":[{"embeddable":true,"href":"https:\/\/amblavalletta.esteri.it\/it\/wp-json\/wp\/v2\/users\/4"}],"replies":[{"embeddable":true,"href":"https:\/\/amblavalletta.esteri.it\/it\/wp-json\/wp\/v2\/comments?post=4244"}],"version-history":[{"count":1,"href":"https:\/\/amblavalletta.esteri.it\/it\/wp-json\/wp\/v2\/pages\/4244\/revisions"}],"predecessor-version":[{"id":4247,"href":"https:\/\/amblavalletta.esteri.it\/it\/wp-json\/wp\/v2\/pages\/4244\/revisions\/4247"}],"up":[{"embeddable":true,"href":"https:\/\/amblavalletta.esteri.it\/it\/wp-json\/wp\/v2\/pages\/71"}],"wp:attachment":[{"href":"https:\/\/amblavalletta.esteri.it\/it\/wp-json\/wp\/v2\/media?parent=4244"}],"curies":[{"name":"wp","href":"https:\/\/api.w.org\/{rel}","templated":true}]}}