{"id":4225,"date":"2025-08-29T12:03:39","date_gmt":"2025-08-29T10:03:39","guid":{"rendered":"https:\/\/amblavalletta.esteri.it\/?page_id=4225"},"modified":"2025-08-29T12:04:16","modified_gmt":"2025-08-29T10:04:16","slug":"procura","status":"publish","type":"page","link":"https:\/\/amblavalletta.esteri.it\/it\/servizi-consolari-e-visti\/servizi-per-il-cittadino-italiano\/servizi-notarili\/procura\/","title":{"rendered":"Procura"},"content":{"rendered":"<p>I connazionali che desiderino sottoscrivere una\u00a0<strong>procura <\/strong>presso questa Cancelleria Consolare dovranno richiedere un appuntamento scrivendo all\u2019indirizzo <a href=\"mailto:consolare.lavalletta@esteri.it\">consolare.lavalletta@esteri.it<\/a> allegando una <strong>bozza<\/strong> della procura in questione, redatta da un notaio in Italia, in formato modificabile (Word) e copia del documento di identit\u00e0.<\/p>\n<p>Una volta verificata l\u2019accettabilit\u00e0 della richiesta, l\u2019Ufficio risponder\u00e0 offrendo un appuntamento presso l\u2019Ufficio consolare.<\/p>\n<p>All\u2019appuntamento dovr\u00e0 presentarsi esclusivamente la persona che conferisce la procura, presentando un proprio documento di identit\u00e0 in corso di validit\u00e0.<\/p>\n<p>Per il\u00a0<strong>pagamento <\/strong><strong>e i<\/strong> <strong>diritti consolari<\/strong> da corrispondere, si prega di consultare la pagina <a href=\"https:\/\/amblavalletta.esteri.it\/it\/servizi-consolari-e-visti\/servizi-per-il-cittadino-italiano\/albo-consolare-e-altri-servizi\/tariffa-consolare\/\">Tariffa Consolare \u2013 Ambasciata d&#8217;Italia La Valletta<\/a>.<\/p>\n<p>Il giorno dell\u2019appuntamento verr\u00e0 rilasciato agli interessati l\u2019originale della procura speciale. Questi dovranno provvedere\u00a0<strong>autonomamente<\/strong>\u00a0all\u2019invio dell\u2019originale cartaceo al procuratore.<\/p>\n","protected":false},"excerpt":{"rendered":"I connazionali che desiderino sottoscrivere una\u00a0procura presso questa Cancelleria Consolare dovranno richiedere un appuntamento scrivendo all\u2019indirizzo consolare.lavalletta@esteri.it allegando una bozza della procura in questione, redatta da un notaio in Italia, in formato modificabile (Word) e copia del documento di identit\u00e0. Una volta verificata l\u2019accettabilit\u00e0 della richiesta, l\u2019Ufficio risponder\u00e0 offrendo un appuntamento presso l\u2019Ufficio consolare. All\u2019appuntamento [&hellip;]","protected":false},"author":4,"featured_media":0,"parent":71,"menu_order":1,"comment_status":"closed","ping_status":"closed","template":"","meta":{"footnotes":""},"class_list":["post-4225","page","type-page","status-publish","hentry"],"_links":{"self":[{"href":"https:\/\/amblavalletta.esteri.it\/it\/wp-json\/wp\/v2\/pages\/4225","targetHints":{"allow":["GET"]}}],"collection":[{"href":"https:\/\/amblavalletta.esteri.it\/it\/wp-json\/wp\/v2\/pages"}],"about":[{"href":"https:\/\/amblavalletta.esteri.it\/it\/wp-json\/wp\/v2\/types\/page"}],"author":[{"embeddable":true,"href":"https:\/\/amblavalletta.esteri.it\/it\/wp-json\/wp\/v2\/users\/4"}],"replies":[{"embeddable":true,"href":"https:\/\/amblavalletta.esteri.it\/it\/wp-json\/wp\/v2\/comments?post=4225"}],"version-history":[{"count":1,"href":"https:\/\/amblavalletta.esteri.it\/it\/wp-json\/wp\/v2\/pages\/4225\/revisions"}],"predecessor-version":[{"id":4226,"href":"https:\/\/amblavalletta.esteri.it\/it\/wp-json\/wp\/v2\/pages\/4225\/revisions\/4226"}],"up":[{"embeddable":true,"href":"https:\/\/amblavalletta.esteri.it\/it\/wp-json\/wp\/v2\/pages\/71"}],"wp:attachment":[{"href":"https:\/\/amblavalletta.esteri.it\/it\/wp-json\/wp\/v2\/media?parent=4225"}],"curies":[{"name":"wp","href":"https:\/\/api.w.org\/{rel}","templated":true}]}}