{"id":4145,"date":"2025-08-28T18:18:48","date_gmt":"2025-08-28T16:18:48","guid":{"rendered":"https:\/\/amblavalletta.esteri.it\/?page_id=4145"},"modified":"2025-11-20T16:53:11","modified_gmt":"2025-11-20T14:53:11","slug":"tariffa-consolare","status":"publish","type":"page","link":"https:\/\/amblavalletta.esteri.it\/it\/servizi-consolari-e-visti\/servizi-per-il-cittadino-italiano\/albo-consolare-e-altri-servizi\/tariffa-consolare\/","title":{"rendered":"Tariffa Consolare"},"content":{"rendered":"<p>La Tabella dei Diritti Consolari in vigore \u00e8 consultabile a <a href=\"https:\/\/www.esteri.it\/it\/servizi-consolari-e-visti\/normativa_consolare\/tariffa-consolare\/\">questa pagina<\/a> del Ministero degli Affari Esteri e della Cooperazione Internazionale.<\/p>\n<p><strong>Modalit\u00e0 di pagamento<\/strong><\/p>\n<p>Le modalit\u00e0 di pagamento variano a seconda del servizio erogato.<\/p>\n<p><strong>1. Passaporti, Cittadinanza<\/strong><\/p>\n<p>Il pagamento si effettua\u00a0<strong>esclusivamente con bonifico bancario<\/strong>.<\/p>\n<p>L&#8217;<strong>importo<\/strong> da pagare \u00e8:<\/p>\n<ul>\n<li>Passaporti: \u20ac116,20 (a partire dal 1 dicembre 2025);<\/li>\n<li>Cittadinanza\u00a0<em>iure sanguinis<\/em>: \u20ac600,00.<\/li>\n<\/ul>\n<p><strong>Il quinto (5\u00ba) giorno lavorativo precedente alla data dell&#8217;appuntamento<\/strong>, il titolare dello stesso dovr\u00e0 effettuare un bonifico bancario a favore delle seguenti coordinate bancarie.<\/p>\n<p style=\"padding-left: 40px;\">INTESTATARIO DEL CONTO:\u00a0 \u00a0 \u00a0 \u00a0EMBASSY OF ITALY<\/p>\n<p style=\"padding-left: 40px;\">ACCOUNT NUMBER:\u00a0\u00a0\u00a0\u00a0\u00a0\u00a0\u00a0\u00a0\u00a0\u00a0\u00a0\u00a0\u00a0\u00a0\u00a0\u00a0\u00a0\u00a0\u00a0\u00a0\u00a0\u00a0 50021199526<\/p>\n<p style=\"padding-left: 40px;\">IBAN: \u00a0\u00a0\u00a0\u00a0\u00a0\u00a0\u00a0\u00a0\u00a0\u00a0\u00a0\u00a0\u00a0\u00a0\u00a0\u00a0\u00a0\u00a0\u00a0\u00a0\u00a0\u00a0\u00a0\u00a0\u00a0\u00a0\u00a0\u00a0\u00a0\u00a0\u00a0\u00a0\u00a0\u00a0\u00a0\u00a0\u00a0\u00a0\u00a0\u00a0\u00a0\u00a0\u00a0\u00a0\u00a0\u00a0\u00a0\u00a0\u00a0 MT42VALL22013000000050021199526<\/p>\n<p style=\"padding-left: 40px;\">CAUSALE:\u00a0 \u00a0 \u00a0 \u00a0 \u00a0 \u00a0 \u00a0 \u00a0 \u00a0 \u00a0 \u00a0 \u00a0 \u00a0 \u00a0 \u00a0 \u00a0 \u00a0 \u00a0 \u00a0 \u00a0 \u00a0 \u00a0Nome e cognome del richiedente \u2013\u00a0 SERVIZIO CONSOLARE EROGATO<\/p>\n<p>I costi del bonifico sono <span style=\"text-decoration: underline;\"><strong>esclusivamente<\/strong> <\/span>a carico del richiedente.<\/p>\n<p>Il richiedente dovr\u00e0 inviare <strong>copia del bonifico<\/strong> alle seguenti email:<\/p>\n<ul>\n<li><a href=\"mailto:pass.lavalletta@esteri.it\">pass.lavalletta@esteri.it,<\/a> per il rilascio del passaporto;<\/li>\n<li><a href=\"mailto:cittadinanza.lavalletta@esteri.it\">cittadinanza.lavalletta@esteri.it<\/a>, per le pratiche di cittadinanza.<\/li>\n<\/ul>\n<p><strong>ATTENZIONE<\/strong><\/p>\n<p>Non si deve effettuare il bonifico bancario senza aver <strong>ottenuto precedentemente il relativo appuntamento<\/strong>. In nessun caso si effettueranno restituzioni di soldi.<\/p>\n<p>La <strong>causale<\/strong> attestante l\u2019avvenuto bonifico deve riportare espressamente il nome del beneficiario del servizio consolare e il servizio consolare stesso. Pertanto, in luogo di &#8220;Servizio consolare erogato&#8221;, si dovr\u00e0 indicare &#8220;Richiesta passaporto&#8221;, ovvero &#8220;Cittadinanza iure sanguinis&#8221; (ad esempio, &#8220;Mario Rossi &#8211; Richiesta passaporto&#8221;).<\/p>\n<p>L&#8217;acquisto di <a href=\"https:\/\/amblavalletta.esteri.it\/it\/servizi-consolari-e-visti\/servizi-per-il-cittadino-straniero\/cittadinanza-e-adozione\/acquisto-della-cittadinanza-per-beneficio-di-legge-figli-minori-nati-allestero\/\">cittadinanza per beneficio di legge<\/a> e il <a href=\"https:\/\/amblavalletta.esteri.it\/it\/servizi-consolari-e-visti\/servizi-per-il-cittadino-straniero\/cittadinanza-e-adozione\/riacquisto-della-cittadinanza\/\">riacquisto di cittadinanza<\/a> sono soggetti a <strong>specifiche disposizioni <\/strong>per ci\u00f2 che concerne il pagamento. Si prega di consultare le specifiche pagine di questo sito per indicazioni in merito.<\/p>\n<p><strong>2. Altri servizi consolari<\/strong><\/p>\n<p>Il pagamento si effettua<strong> in contanti<\/strong>, secondo le indicazioni fornite dai competenti Uffici.<\/p>\n","protected":false},"excerpt":{"rendered":"La Tabella dei Diritti Consolari in vigore \u00e8 consultabile a questa pagina del Ministero degli Affari Esteri e della Cooperazione Internazionale. Modalit\u00e0 di pagamento Le modalit\u00e0 di pagamento variano a seconda del servizio erogato. 1. Passaporti, Cittadinanza Il pagamento si effettua\u00a0esclusivamente con bonifico bancario. L&#8217;importo da pagare \u00e8: Passaporti: \u20ac116,20 (a partire dal 1 dicembre [&hellip;]","protected":false},"author":4,"featured_media":0,"parent":76,"menu_order":0,"comment_status":"closed","ping_status":"closed","template":"","meta":{"footnotes":""},"class_list":["post-4145","page","type-page","status-publish","hentry"],"_links":{"self":[{"href":"https:\/\/amblavalletta.esteri.it\/it\/wp-json\/wp\/v2\/pages\/4145","targetHints":{"allow":["GET"]}}],"collection":[{"href":"https:\/\/amblavalletta.esteri.it\/it\/wp-json\/wp\/v2\/pages"}],"about":[{"href":"https:\/\/amblavalletta.esteri.it\/it\/wp-json\/wp\/v2\/types\/page"}],"author":[{"embeddable":true,"href":"https:\/\/amblavalletta.esteri.it\/it\/wp-json\/wp\/v2\/users\/4"}],"replies":[{"embeddable":true,"href":"https:\/\/amblavalletta.esteri.it\/it\/wp-json\/wp\/v2\/comments?post=4145"}],"version-history":[{"count":6,"href":"https:\/\/amblavalletta.esteri.it\/it\/wp-json\/wp\/v2\/pages\/4145\/revisions"}],"predecessor-version":[{"id":4618,"href":"https:\/\/amblavalletta.esteri.it\/it\/wp-json\/wp\/v2\/pages\/4145\/revisions\/4618"}],"up":[{"embeddable":true,"href":"https:\/\/amblavalletta.esteri.it\/it\/wp-json\/wp\/v2\/pages\/76"}],"wp:attachment":[{"href":"https:\/\/amblavalletta.esteri.it\/it\/wp-json\/wp\/v2\/media?parent=4145"}],"curies":[{"name":"wp","href":"https:\/\/api.w.org\/{rel}","templated":true}]}}