{"id":397,"date":"2023-07-20T15:24:35","date_gmt":"2023-07-20T13:24:35","guid":{"rendered":"https:\/\/amblavalletta.esteri.it\/?page_id=397"},"modified":"2025-08-29T11:21:01","modified_gmt":"2025-08-29T09:21:01","slug":"spid-sistema-pubblico-di-identita-digitale","status":"publish","type":"page","link":"https:\/\/amblavalletta.esteri.it\/it\/servizi-consolari-e-visti\/servizi-per-il-cittadino-italiano\/spid-sistema-pubblico-di-identita-digitale\/","title":{"rendered":"SPID &#8211; Sistema Pubblico di Identit\u00e0 Digitale"},"content":{"rendered":"<p>SPID, il Sistema Pubblico di Identit\u00e0 Digitale, \u00e8 la soluzione che permette di accedere ai servizi online della Pubblica Amministrazione e dei soggetti privati aderenti con un&#8217;unica Identit\u00e0 Digitale (username e password) utilizzabile da computer, tablet e smartphone.<\/p>\n<p>Per tutte le informazioni su come richiedere lo SPID, dove utilizzarlo e per ogni ulteriore informazione, consultare <a href=\"https:\/\/www.esteri.it\/it\/servizi-consolari-e-visti\/italiani-all-estero\/spid\/\">SPID \u2013 Ministero degli Affari Esteri e della Cooperazione Internazionale<\/a>.<\/p>\n","protected":false},"excerpt":{"rendered":"SPID, il Sistema Pubblico di Identit\u00e0 Digitale, \u00e8 la soluzione che permette di accedere ai servizi online della Pubblica Amministrazione e dei soggetti privati aderenti con un&#8217;unica Identit\u00e0 Digitale (username e password) utilizzabile da computer, tablet e smartphone. Per tutte le informazioni su come richiedere lo SPID, dove utilizzarlo e per ogni ulteriore informazione, consultare [&hellip;]","protected":false},"author":7,"featured_media":0,"parent":47,"menu_order":15,"comment_status":"closed","ping_status":"closed","template":"","meta":{"footnotes":""},"class_list":["post-397","page","type-page","status-publish","hentry"],"_links":{"self":[{"href":"https:\/\/amblavalletta.esteri.it\/it\/wp-json\/wp\/v2\/pages\/397","targetHints":{"allow":["GET"]}}],"collection":[{"href":"https:\/\/amblavalletta.esteri.it\/it\/wp-json\/wp\/v2\/pages"}],"about":[{"href":"https:\/\/amblavalletta.esteri.it\/it\/wp-json\/wp\/v2\/types\/page"}],"author":[{"embeddable":true,"href":"https:\/\/amblavalletta.esteri.it\/it\/wp-json\/wp\/v2\/users\/7"}],"replies":[{"embeddable":true,"href":"https:\/\/amblavalletta.esteri.it\/it\/wp-json\/wp\/v2\/comments?post=397"}],"version-history":[{"count":3,"href":"https:\/\/amblavalletta.esteri.it\/it\/wp-json\/wp\/v2\/pages\/397\/revisions"}],"predecessor-version":[{"id":4200,"href":"https:\/\/amblavalletta.esteri.it\/it\/wp-json\/wp\/v2\/pages\/397\/revisions\/4200"}],"up":[{"embeddable":true,"href":"https:\/\/amblavalletta.esteri.it\/it\/wp-json\/wp\/v2\/pages\/47"}],"wp:attachment":[{"href":"https:\/\/amblavalletta.esteri.it\/it\/wp-json\/wp\/v2\/media?parent=397"}],"curies":[{"name":"wp","href":"https:\/\/api.w.org\/{rel}","templated":true}]}}