{"id":384,"date":"2023-07-20T14:45:10","date_gmt":"2023-07-20T12:45:10","guid":{"rendered":"https:\/\/amblavalletta.esteri.it\/?page_id=384"},"modified":"2025-08-12T14:44:26","modified_gmt":"2025-08-12T12:44:26","slug":"adozioni-internazionali","status":"publish","type":"page","link":"https:\/\/amblavalletta.esteri.it\/it\/servizi-consolari-e-visti\/servizi-per-il-cittadino-italiano\/adozioni-internazionali\/","title":{"rendered":"Adozioni internazionali"},"content":{"rendered":"<article id=\"articolo_centro\" class=\"col-md-19 col-sm-19 padding_articolo item-page\" role=\"main\" aria-label=\"articolo\">\n<div>\n<p>L&#8217;adozione internazionale \u00e8 l&#8217;adozione di un minore di cittadinanza non italiana, dichiarato adottabile dalle Autorit\u00e0 del suo Paese. L&#8217;adozione viene perci\u00f2 fatta in quel Paese, davanti alle Autorit\u00e0 e secondo le leggi nazionali ed internazionali ivi vigenti.<br \/>\nIn Italia il Tribunale per i minorenni rilascia un decreto specifico di idoneit\u00e0 o meno a tale tipo di adozione.<br \/>\nPerch\u00e9 una simile adozione possa essere efficace in Italia \u00e8 necessario seguire delle procedure particolari, stabilite dalle leggi italiane ed internazionali; in certi casi, l&#8217;inosservanza delle leggi sull&#8217;adozione costituisce un reato.<\/p>\n<\/div>\n<\/article>\n","protected":false},"excerpt":{"rendered":"L&#8217;adozione internazionale \u00e8 l&#8217;adozione di un minore di cittadinanza non italiana, dichiarato adottabile dalle Autorit\u00e0 del suo Paese. L&#8217;adozione viene perci\u00f2 fatta in quel Paese, davanti alle Autorit\u00e0 e secondo le leggi nazionali ed internazionali ivi vigenti. In Italia il Tribunale per i minorenni rilascia un decreto specifico di idoneit\u00e0 o meno a tale tipo [&hellip;]","protected":false},"author":7,"featured_media":0,"parent":47,"menu_order":7,"comment_status":"closed","ping_status":"closed","template":"","meta":{"footnotes":""},"class_list":["post-384","page","type-page","status-publish","hentry"],"_links":{"self":[{"href":"https:\/\/amblavalletta.esteri.it\/it\/wp-json\/wp\/v2\/pages\/384","targetHints":{"allow":["GET"]}}],"collection":[{"href":"https:\/\/amblavalletta.esteri.it\/it\/wp-json\/wp\/v2\/pages"}],"about":[{"href":"https:\/\/amblavalletta.esteri.it\/it\/wp-json\/wp\/v2\/types\/page"}],"author":[{"embeddable":true,"href":"https:\/\/amblavalletta.esteri.it\/it\/wp-json\/wp\/v2\/users\/7"}],"replies":[{"embeddable":true,"href":"https:\/\/amblavalletta.esteri.it\/it\/wp-json\/wp\/v2\/comments?post=384"}],"version-history":[{"count":2,"href":"https:\/\/amblavalletta.esteri.it\/it\/wp-json\/wp\/v2\/pages\/384\/revisions"}],"predecessor-version":[{"id":3622,"href":"https:\/\/amblavalletta.esteri.it\/it\/wp-json\/wp\/v2\/pages\/384\/revisions\/3622"}],"up":[{"embeddable":true,"href":"https:\/\/amblavalletta.esteri.it\/it\/wp-json\/wp\/v2\/pages\/47"}],"wp:attachment":[{"href":"https:\/\/amblavalletta.esteri.it\/it\/wp-json\/wp\/v2\/media?parent=384"}],"curies":[{"name":"wp","href":"https:\/\/api.w.org\/{rel}","templated":true}]}}