{"id":38,"date":"2023-04-11T17:53:01","date_gmt":"2023-04-11T15:53:01","guid":{"rendered":"https:\/\/ambasciatapraga.esteri.it\/?page_id=38"},"modified":"2025-08-29T23:36:39","modified_gmt":"2025-08-29T21:36:39","slug":"lambasciatore","status":"publish","type":"page","link":"https:\/\/amblavalletta.esteri.it\/it\/chi-siamo\/lambasciatore\/","title":{"rendered":"L\u2019 Ambasciatrice"},"content":{"rendered":"<p>&nbsp;<\/p>\n<p style=\"text-align: justify;\">L<img loading=\"lazy\" decoding=\"async\" class=\"alignnone size-medium wp-image-3271 img-fluid\" src=\"https:\/\/amblavalletta.esteri.it\/wp-content\/uploads\/2025\/06\/Screenshot-2025-06-10-152555-300x298.jpg\" alt=\"\" width=\"300\" height=\"298\" srcset=\"https:\/\/amblavalletta.esteri.it\/wp-content\/uploads\/2025\/06\/Screenshot-2025-06-10-152555-300x298.jpg 300w, https:\/\/amblavalletta.esteri.it\/wp-content\/uploads\/2025\/06\/Screenshot-2025-06-10-152555-150x150.jpg 150w, https:\/\/amblavalletta.esteri.it\/wp-content\/uploads\/2025\/06\/Screenshot-2025-06-10-152555.jpg 650w\" sizes=\"auto, (max-width: 300px) 100vw, 300px\" \/><\/p>\n<p><strong>Ambasciatrice d\u2019Italia a Malta, <\/strong><strong>S.E. Valentina Setta<\/strong><\/p>\n<p>Nata a Pescara, 28 maggio 1972. Si laurea in giurisprudenza presso l\u2019Universit\u00e0 di Salerno nel 1996.<\/p>\n<p>In seguito ad esame di concorso nominata viene nominata Volontaria nella carriera diplomatica nel 2000.<\/p>\n<p>Presta servizio al Ministero degli Affari Esteri presso la Segreteria della Direzione Generale Cooperazione Economica e Finanziaria Multilaterale fino al 2002.<\/p>\n<p>Reggente il Consolato Generale in Bar (Montenegro) da agosto 2002 e Reggente il Consolato Generale a Podgorica da settembre 2004.<\/p>\n<p>Ricopre successivamente il ruolo di Prima Segretaria alla Rappresentanza permanente presso l&#8217;ONU in New York, da 2006 al 2010.<\/p>\n<p>Presta servizio al Ministero presso la Direzione Generale Cooperazione Politica Multilaterale e Diritti Umani &#8211; Direzione Generale Affari Politici e Sicurezza dal 2010 al 2012.<\/p>\n<p>Viene promossa Consigliera di Legazione nel 2011. Viene poi assegnata a Varsavia dove presta servizio in qualit\u00e0 di Consigliere commerciale dal 2012 al 2016.<\/p>\n<p>Viene promossa Consigliere di Ambasciata nel 2015 e ricopre il ruolo di Console Generale d\u2019Italia a Dubai dal 2016 al 2020.<\/p>\n<p>Dal 2020 al 2025, ricopre diversi incarichi al Ministero:<\/p>\n<ul>\n<li>Capo Uff. V della Dir. Gen. Promozione Sistema Paese<\/li>\n<li>Capo Uff. V della Dir. Gen. diplomazia pubblica e culturale.<\/li>\n<li>Capo dell\u2019Unit\u00e0 per i Visti della Dir. Gen. Italiani all\u2019estero e Politiche Migratorie<\/li>\n<\/ul>\n<p>Viene nominata Ministro plenipotenziario da gennaio 2024.<\/p>\n<p>L\u2019Ambasciatrice Setta \u00e8 sposata con il Sig. Dragan Sekulovic ed \u00e8 stata insignita dell\u2019onorificenza di Cavaliere dell&#8217;Ordine al Merito della Repubblica nel 2012.<\/p>\n<p>&nbsp;<\/p>\n<p><strong>Messaggio dell&#8217;Ambasciatrice Setta ai Connazionali<\/strong><\/p>\n<p><img loading=\"lazy\" decoding=\"async\" class=\"alignnone size-medium wp-image-3276 img-fluid\" src=\"https:\/\/amblavalletta.esteri.it\/wp-content\/uploads\/2025\/06\/IMG-20250610-WA0012-300x253.jpg\" alt=\"\" width=\"300\" height=\"253\" srcset=\"https:\/\/amblavalletta.esteri.it\/wp-content\/uploads\/2025\/06\/IMG-20250610-WA0012-300x253.jpg 300w, https:\/\/amblavalletta.esteri.it\/wp-content\/uploads\/2025\/06\/IMG-20250610-WA0012-1024x863.jpg 1024w, https:\/\/amblavalletta.esteri.it\/wp-content\/uploads\/2025\/06\/IMG-20250610-WA0012-768x647.jpg 768w, https:\/\/amblavalletta.esteri.it\/wp-content\/uploads\/2025\/06\/IMG-20250610-WA0012.jpg 1600w\" sizes=\"auto, (max-width: 300px) 100vw, 300px\" \/><\/p>\n<p>Care connazionali, cari connazionali,<\/p>\n<p>\u00e8 con grande emozione e profondo senso di responsabilit\u00e0 che mi rivolgo a voi per la prima volta come Ambasciatrice d\u2019Italia a Malta.<\/p>\n<p>Assumere questo incarico in un Paese cos\u00ec vicino all\u2019Italia per storia, cultura e tradizioni, rappresenta per me un onore particolare. Malta \u00e8 da secoli un crocevia di popoli e di civilt\u00e0, e la presenza italiana qui \u00e8 viva, dinamica e parte integrante del tessuto sociale ed economico dell\u2019isola.<\/p>\n<p>Desidero fin da subito porgervi un caloroso saluto e assicurarvi il mio impegno per essere, insieme a tutta l\u2019Ambasciata, un punto di riferimento aperto, disponibile e attento alle vostre esigenze.<\/p>\n<p>La nostra comunit\u00e0 \u2013 composta da professionisti, imprenditori, studenti, famiglie e pensionati \u2013 \u00e8 testimone concreta del valore dell\u2019Italia all\u2019estero. Il vostro contributo alla promozione della nostra lingua, della nostra cultura e del nostro spirito di collaborazione \u00e8 motivo di orgoglio per tutto il nostro Paese.<\/p>\n<p>Saranno molte le occasioni in cui potremo incontrarci e collaborare, e conto sul dialogo costante con ciascuno di voi per rafforzare ancora di pi\u00f9 il legame tra l\u2019Italia e Malta.<\/p>\n<p>Con viva cordialit\u00e0 e gratitudine,<\/p>\n<p><strong>Valentina Setta<\/strong><br \/>\nAmbasciatrice d\u2019Italia a Malta<\/p>\n<p>&nbsp;<\/p>\n","protected":false},"excerpt":{"rendered":"&nbsp; L Ambasciatrice d\u2019Italia a Malta, S.E. Valentina Setta Nata a Pescara, 28 maggio 1972. Si laurea in giurisprudenza presso l\u2019Universit\u00e0 di Salerno nel 1996. In seguito ad esame di concorso nominata viene nominata Volontaria nella carriera diplomatica nel 2000. Presta servizio al Ministero degli Affari Esteri presso la Segreteria della Direzione Generale Cooperazione Economica [&hellip;]","protected":false},"author":1,"featured_media":0,"parent":13,"menu_order":0,"comment_status":"closed","ping_status":"closed","template":"","meta":{"footnotes":""},"class_list":["post-38","page","type-page","status-publish","hentry"],"_links":{"self":[{"href":"https:\/\/amblavalletta.esteri.it\/it\/wp-json\/wp\/v2\/pages\/38","targetHints":{"allow":["GET"]}}],"collection":[{"href":"https:\/\/amblavalletta.esteri.it\/it\/wp-json\/wp\/v2\/pages"}],"about":[{"href":"https:\/\/amblavalletta.esteri.it\/it\/wp-json\/wp\/v2\/types\/page"}],"author":[{"embeddable":true,"href":"https:\/\/amblavalletta.esteri.it\/it\/wp-json\/wp\/v2\/users\/1"}],"replies":[{"embeddable":true,"href":"https:\/\/amblavalletta.esteri.it\/it\/wp-json\/wp\/v2\/comments?post=38"}],"version-history":[{"count":8,"href":"https:\/\/amblavalletta.esteri.it\/it\/wp-json\/wp\/v2\/pages\/38\/revisions"}],"predecessor-version":[{"id":4342,"href":"https:\/\/amblavalletta.esteri.it\/it\/wp-json\/wp\/v2\/pages\/38\/revisions\/4342"}],"up":[{"embeddable":true,"href":"https:\/\/amblavalletta.esteri.it\/it\/wp-json\/wp\/v2\/pages\/13"}],"wp:attachment":[{"href":"https:\/\/amblavalletta.esteri.it\/it\/wp-json\/wp\/v2\/media?parent=38"}],"curies":[{"name":"wp","href":"https:\/\/api.w.org\/{rel}","templated":true}]}}