{"id":3591,"date":"2025-08-12T16:18:30","date_gmt":"2025-08-12T14:18:30","guid":{"rendered":"https:\/\/amblavalletta.esteri.it\/?page_id=3591"},"modified":"2025-08-12T16:18:30","modified_gmt":"2025-08-12T14:18:30","slug":"dichiarazione-di-accompagnamento","status":"publish","type":"page","link":"https:\/\/amblavalletta.esteri.it\/it\/servizi-consolari-e-visti\/servizi-per-il-cittadino-italiano\/dichiarazione-di-accompagnamento\/","title":{"rendered":"Dichiarazione di accompagnamento"},"content":{"rendered":"<p>La normativa italiana prevede che i minori di 14 anni che si recano all\u2019estero non accompagnati da uno dei genitori o da chi ne fa le veci siano muniti di una <strong>dichiarazione di accompagnamento<\/strong> (reperibile nella sezione \u201c<a href=\"https:\/\/amblavalletta.esteri.it\/it\/servizi-consolari-e-visti\/servizi-per-il-cittadino-italiano\/modulistica\/\">Modulistica<\/a>\u201d del sito) che riporti il nome della persona, dell\u2019ente o della compagnia di trasporto cui il minore \u00e8 affidato, rilasciata da chi pu\u00f2 dare l\u2019assenso, convalidata dalla Questura o dall\u2019Autorit\u00e0 consolare.<\/p>\n<p>La\u00a0<strong>validit\u00e0<\/strong>\u00a0della dichiarazione, \u00e8\u00a0<strong>circoscritta ad un viaggio\u00a0<\/strong>(da intendersi come andata e\/o ritorno) fuori dal Paese di residenza del minore di 14 anni, con destinazione determinata e non pu\u00f2 eccedere, di norma, il termine massimo di sei mesi (che decorre a partire dalla data di trattazione della pratica).<\/p>\n<p>Nel caso in cui il minore sia affidato ad un ente o ad una compagnia di trasporto, si suggerisce, prima di acquistare il biglietto della compagnia di trasporto di verificare che la stessa accetti che il minore sia ad essa affidato.<\/p>\n<p><strong>Come richiedere la dichiarazione di accompagnamento<\/strong><\/p>\n<p>Inviare una e-mail a <a href=\"mailto:consolare.lavalletta@esteri.it\">consolare.lavalletta@esteri.it<\/a>\u00a0con la seguente documentazione:<\/p>\n<ul>\n<li>Dichiarazione di accompagnamento, reperibile nella sezione <a href=\"https:\/\/amblavalletta.esteri.it\/it\/servizi-consolari-e-visti\/servizi-per-il-cittadino-italiano\/modulistica\/\">Modulistica<\/a> del sito dell\u2019Ambasciata;<\/li>\n<li>Copia del documento di identit\u00e0 del minore, di entrambi i genitori e dell\u2019accompagnatore.<\/li>\n<\/ul>\n<p>\u00c8 possibile richiedere che la dichiarazione di accompagnamento sia stampata direttamente sul passaporto dell\u2019accompagnatore. Per esprimere tale preferenza, si prega di rappresentarlo esplicitamente al momento dell\u2019invio della richiesta di dichiarazione di accompagnamento a mezzo e-mail.<\/p>\n<p>Successivamente verr\u00e0 dato un appuntamento per ritirare il documento presso la Cancelleria Consolare. In quel giorno tutta la documentazione dovr\u00e0 essere presentata in originale, inclusi i documenti di identit\u00e0.<\/p>\n<p>***<\/p>\n<p>Per quanto riguarda invece i minori di 14 anni che si recano all\u2019estero con i <strong>genitori<\/strong>, si suggerisce di munirsi di documentazione idonea a comprovare la titolarit\u00e0 della potest\u00e0 sul minore (es. coincidenza di cognome sul passaporto, certificato di nascita con indicazione di paternit\u00e0 e maternit\u00e0, la nomina a tutore, il certificato di iscrizione negli schedari consolari da cui risulti la composizione del nucleo familiare, ecc.).<\/p>\n<p>La carta di identit\u00e0 valida per l\u2019espatrio rilasciata ai minori di et\u00e0 inferiore ai 14 anni pu\u00f2 riportare, <strong>a richiesta<\/strong>, il nome dei genitori o di chi ne fa le veci. Ove la carta di identit\u00e0 riporti il nome dei genitori o di chi ne fa le veci, non \u00e8 necessario munirsi di documentazione idonea a comprovare la titolarit\u00e0 della potest\u00e0 sul minore.<\/p>\n","protected":false},"excerpt":{"rendered":"La normativa italiana prevede che i minori di 14 anni che si recano all\u2019estero non accompagnati da uno dei genitori o da chi ne fa le veci siano muniti di una dichiarazione di accompagnamento (reperibile nella sezione \u201cModulistica\u201d del sito) che riporti il nome della persona, dell\u2019ente o della compagnia di trasporto cui il minore [&hellip;]","protected":false},"author":4,"featured_media":0,"parent":47,"menu_order":0,"comment_status":"closed","ping_status":"closed","template":"","meta":{"footnotes":""},"class_list":["post-3591","page","type-page","status-publish","hentry"],"_links":{"self":[{"href":"https:\/\/amblavalletta.esteri.it\/it\/wp-json\/wp\/v2\/pages\/3591","targetHints":{"allow":["GET"]}}],"collection":[{"href":"https:\/\/amblavalletta.esteri.it\/it\/wp-json\/wp\/v2\/pages"}],"about":[{"href":"https:\/\/amblavalletta.esteri.it\/it\/wp-json\/wp\/v2\/types\/page"}],"author":[{"embeddable":true,"href":"https:\/\/amblavalletta.esteri.it\/it\/wp-json\/wp\/v2\/users\/4"}],"replies":[{"embeddable":true,"href":"https:\/\/amblavalletta.esteri.it\/it\/wp-json\/wp\/v2\/comments?post=3591"}],"version-history":[{"count":2,"href":"https:\/\/amblavalletta.esteri.it\/it\/wp-json\/wp\/v2\/pages\/3591\/revisions"}],"predecessor-version":[{"id":3642,"href":"https:\/\/amblavalletta.esteri.it\/it\/wp-json\/wp\/v2\/pages\/3591\/revisions\/3642"}],"up":[{"embeddable":true,"href":"https:\/\/amblavalletta.esteri.it\/it\/wp-json\/wp\/v2\/pages\/47"}],"wp:attachment":[{"href":"https:\/\/amblavalletta.esteri.it\/it\/wp-json\/wp\/v2\/media?parent=3591"}],"curies":[{"name":"wp","href":"https:\/\/api.w.org\/{rel}","templated":true}]}}