{"id":3585,"date":"2025-08-12T15:28:42","date_gmt":"2025-08-12T13:28:42","guid":{"rendered":"https:\/\/amblavalletta.esteri.it\/?page_id=3585"},"modified":"2025-08-12T16:42:42","modified_gmt":"2025-08-12T14:42:42","slug":"richiesta-di-pubblicazioni-di-matrimonio","status":"publish","type":"page","link":"https:\/\/amblavalletta.esteri.it\/it\/servizi-consolari-e-visti\/servizi-per-il-cittadino-italiano\/stato-civile\/richiesta-di-pubblicazioni-di-matrimonio\/","title":{"rendered":"Richiesta di pubblicazioni di matrimonio"},"content":{"rendered":"<p>La richiesta di pubblicazioni di matrimonio presso la Cancelleria Consolare dell\u2019Ambasciata d\u2019Italia a Malta pu\u00f2 essere presentata esclusivamente da cittadini italiani regolarmente residenti in questa circoscrizione consolare e iscritti all\u2019<a href=\"https:\/\/amblavalletta.esteri.it\/it\/servizi-consolari-e-visti\/servizi-per-il-cittadino-italiano\/anagrafe-consolare-aire\/\">A.I.R.E. (Anagrafe degli Italiani Residenti all\u2019Estero)<\/a>.<\/p>\n<ul>\n<li>Se i nubendi sono entrambi cittadini italiani residenti in questa Circoscrizione consolare, la richiesta di pubblicazioni di matrimonio deve essere presentata a questa Cancelleria Consolare;<\/li>\n<li>Se uno dei due nubendi risiede in Italia, la richiesta di pubblicazioni di matrimonio potr\u00e0 essere presentata anche solo al Comune italiano di residenza. In tal caso le pubblicazioni di matrimonio saranno richieste dallo stesso Comune.<\/li>\n<li>Se uno dei due nubendi risiede in altra Circoscrizione consolare, le pubblicazioni saranno richieste ed effettuate nelle rispettive Rappresentanze diplomatiche o consolari.<\/li>\n<li>Se uno dei due nubendi non \u00e8 cittadino\/a italiano\/a, si rimanda alla documentazione in calce.<\/li>\n<li>In caso di <strong>matrimonio religioso<\/strong>, \u00e8 richiesta una lettera su carta intestata della Chiesa in Italia dove si celebrer\u00e0 il matrimonio, con timbro e firma del Parroco o del sacerdote che celebrer\u00e0 le nozze. La lettera deve specificare le generalit\u00e0 complete degli sposi, nonch\u00e9 la Chiesa e la data del matrimonio. Un esempio di lettera \u00e8 <a href=\"https:\/\/amblavalletta.esteri.it\/wp-content\/uploads\/2025\/05\/FAC-SIMILE-LETTERA-CHIESA-PER-PUBBLICAZIONI-Copia-2.docx\">disponibile qui<\/a>.<\/li>\n<\/ul>\n<p>La richiesta va presentata da entrambi i nubendi, previo appuntamento da fissare tramite e-mail scrivendo all\u2019indirizzo <a href=\"mailto:consolare.lavalletta@esteri.it\">consolare.lavalletta@esteri.it<\/a>, producendo la seguente documentazione:<\/p>\n<ul>\n<li>Modulo di istanza\/dichiarazione sostitutiva, reperibile nella sezione \u201c<a href=\"https:\/\/amblavalletta.esteri.it\/it\/servizi-consolari-e-visti\/servizi-per-il-cittadino-italiano\/modulistica\/\">Modulistica<\/a>\u201d del sito dell\u2019Ambasciata;<\/li>\n<li>Copia dei documenti d\u2019identit\u00e0 dei nubendi in corso di validit\u00e0;<\/li>\n<\/ul>\n<p>Se uno dei due nubendi non \u00e8 cittadino\/a italiano\/a, si richiede di produrre:<\/p>\n<ul>\n<li>Atto\/estratto dell\u2019atto di nascita in originale con indicazione della maternit\u00e0 e paternit\u00e0, debitamente legalizzato e tradotto. Per i cittadini maltesi, \u00e8 richiesto un atto\/estratto di nascita corredato di <em>apostille<\/em> dell\u2019Aja e contestuale certificato di conformit\u00e0 della traduzione.<\/li>\n<li>Nulla osta matrimoniale.<\/li>\n<\/ul>\n<p>Il nubendo straniero dovr\u00e0 richiedere alla Rappresentanza consolare del proprio Paese tale documentazione.<\/p>\n<p><strong>L\u2019ufficio si riserva di richiedere eventuale altra documentazione ritenuta necessaria e\/o utile. <\/strong><\/p>\n<p>Le pubblicazioni matrimoniali saranno pubblicate sul sito web alla pagina dell\u2019Albo Consolare per un periodo di otto giorni consecutivi.<\/p>\n","protected":false},"excerpt":{"rendered":"La richiesta di pubblicazioni di matrimonio presso la Cancelleria Consolare dell\u2019Ambasciata d\u2019Italia a Malta pu\u00f2 essere presentata esclusivamente da cittadini italiani regolarmente residenti in questa circoscrizione consolare e iscritti all\u2019A.I.R.E. (Anagrafe degli Italiani Residenti all\u2019Estero). Se i nubendi sono entrambi cittadini italiani residenti in questa Circoscrizione consolare, la richiesta di pubblicazioni di matrimonio deve essere [&hellip;]","protected":false},"author":4,"featured_media":0,"parent":68,"menu_order":6,"comment_status":"closed","ping_status":"closed","template":"","meta":{"footnotes":""},"class_list":["post-3585","page","type-page","status-publish","hentry"],"_links":{"self":[{"href":"https:\/\/amblavalletta.esteri.it\/it\/wp-json\/wp\/v2\/pages\/3585","targetHints":{"allow":["GET"]}}],"collection":[{"href":"https:\/\/amblavalletta.esteri.it\/it\/wp-json\/wp\/v2\/pages"}],"about":[{"href":"https:\/\/amblavalletta.esteri.it\/it\/wp-json\/wp\/v2\/types\/page"}],"author":[{"embeddable":true,"href":"https:\/\/amblavalletta.esteri.it\/it\/wp-json\/wp\/v2\/users\/4"}],"replies":[{"embeddable":true,"href":"https:\/\/amblavalletta.esteri.it\/it\/wp-json\/wp\/v2\/comments?post=3585"}],"version-history":[{"count":2,"href":"https:\/\/amblavalletta.esteri.it\/it\/wp-json\/wp\/v2\/pages\/3585\/revisions"}],"predecessor-version":[{"id":3632,"href":"https:\/\/amblavalletta.esteri.it\/it\/wp-json\/wp\/v2\/pages\/3585\/revisions\/3632"}],"up":[{"embeddable":true,"href":"https:\/\/amblavalletta.esteri.it\/it\/wp-json\/wp\/v2\/pages\/68"}],"wp:attachment":[{"href":"https:\/\/amblavalletta.esteri.it\/it\/wp-json\/wp\/v2\/media?parent=3585"}],"curies":[{"name":"wp","href":"https:\/\/api.w.org\/{rel}","templated":true}]}}