{"id":301,"date":"2023-07-18T12:22:56","date_gmt":"2023-07-18T10:22:56","guid":{"rendered":"https:\/\/amblavalletta.esteri.it\/?page_id=301"},"modified":"2024-03-12T15:00:40","modified_gmt":"2024-03-12T13:00:40","slug":"la-cancelleria","status":"publish","type":"page","link":"https:\/\/amblavalletta.esteri.it\/it\/chi-siamo\/la-sede\/la-cancelleria\/","title":{"rendered":"Cancelleria"},"content":{"rendered":"<p><strong>La Cancelleria<br \/>\n<\/strong><br \/>\nA seguito della dichiarazione d\u2019indipendenza di Malta nel settembre 1964, l\u2019Italia immediatamente stabil\u00ec relazioni diplomatiche con il Paese, inviandovi un proprio ambasciatore, Antonio Dazzi.<\/p>\n<p>L\u2019Ambasciata venne invece ospitata per un breve periodo a Valletta nella stessa sede situata in Archbishop Street ove precedente operava il Consolato Generale d\u2019Italia. Ben presto per\u00f2, con l\u2019intensificarsi delle relazioni politiche e commerciali, gli uffici si rivelarono inadeguati e la cancelleria diplomatica fu trasferita a Ta\u2019 Xbiex, prima presso Villa Marpa, e poi a Villa \u201cBel Air\u201d che venne presa in affitto nel 1968.<\/p>\n<p>L\u2019Ambasciata mantenne i suoi uffici a Villa \u201cBel Air\u201d fino al 1974, allorch\u00e9 l\u2019ulteriore espansione delle relazioni e l\u2019attivit\u00e0 diplomatica sempre pi\u00f9 intensa indussero il Governo italiano a cercare una sede ancora pi\u00f9 ampia. Si arriv\u00f2 cos\u00ec all\u2019acquisto dell\u2019edificio a Floriana ove, ancora oggi, si trova la sede diplomatica italiana.<\/p>\n<p>Da quarant&#8217;anni gli uffici dell&#8217;Ambasciata a Floriana sono un punto di riferimento per tutta la comunit\u00e0 italiana e per i connazionali che giungono in visita a Malta.<\/p>\n<figure id=\"attachment_552\" aria-describedby=\"caption-attachment-552\" style=\"width: 227px\" class=\"wp-caption alignnone\"><a href=\"https:\/\/amblavalletta.esteri.it\/wp-content\/uploads\/2023\/04\/foto-ambasciata.jpg\"><img loading=\"lazy\" decoding=\"async\" class=\" img-fluid wp-image-552 size-medium\" src=\"https:\/\/amblavalletta.esteri.it\/wp-content\/uploads\/2023\/04\/foto-ambasciata-227x300.jpg\" alt=\"\" width=\"227\" height=\"300\" srcset=\"https:\/\/amblavalletta.esteri.it\/wp-content\/uploads\/2023\/04\/foto-ambasciata-227x300.jpg 227w, https:\/\/amblavalletta.esteri.it\/wp-content\/uploads\/2023\/04\/foto-ambasciata.jpg 429w\" sizes=\"auto, (max-width: 227px) 100vw, 227px\" \/><\/a><figcaption id=\"caption-attachment-552\" class=\"wp-caption-text\">Foto Cancelleria<\/figcaption><\/figure>\n<p><a href=\"https:\/\/www.google.be\/maps\/place\/Vilhena,+Il-Furjana\/@35.8935122,14.5049733,17z\/data=!4m6!3m5!1s0x130e5ad276d1e9fd:0x52f7373ad08c812e!8m2!3d35.892152!4d14.5075482!16s%2Fg%2F1vp2y4s7?entry=ttu\">Google Maps<\/a><\/p>\n","protected":false},"excerpt":{"rendered":"La Cancelleria A seguito della dichiarazione d\u2019indipendenza di Malta nel settembre 1964, l\u2019Italia immediatamente stabil\u00ec relazioni diplomatiche con il Paese, inviandovi un proprio ambasciatore, Antonio Dazzi. L\u2019Ambasciata venne invece ospitata per un breve periodo a Valletta nella stessa sede situata in Archbishop Street ove precedente operava il Consolato Generale d\u2019Italia. Ben presto per\u00f2, con l\u2019intensificarsi [&hellip;]","protected":false},"author":4,"featured_media":0,"parent":39,"menu_order":0,"comment_status":"closed","ping_status":"closed","template":"","meta":{"footnotes":""},"class_list":["post-301","page","type-page","status-publish","hentry"],"_links":{"self":[{"href":"https:\/\/amblavalletta.esteri.it\/it\/wp-json\/wp\/v2\/pages\/301","targetHints":{"allow":["GET"]}}],"collection":[{"href":"https:\/\/amblavalletta.esteri.it\/it\/wp-json\/wp\/v2\/pages"}],"about":[{"href":"https:\/\/amblavalletta.esteri.it\/it\/wp-json\/wp\/v2\/types\/page"}],"author":[{"embeddable":true,"href":"https:\/\/amblavalletta.esteri.it\/it\/wp-json\/wp\/v2\/users\/4"}],"replies":[{"embeddable":true,"href":"https:\/\/amblavalletta.esteri.it\/it\/wp-json\/wp\/v2\/comments?post=301"}],"version-history":[{"count":6,"href":"https:\/\/amblavalletta.esteri.it\/it\/wp-json\/wp\/v2\/pages\/301\/revisions"}],"predecessor-version":[{"id":2034,"href":"https:\/\/amblavalletta.esteri.it\/it\/wp-json\/wp\/v2\/pages\/301\/revisions\/2034"}],"up":[{"embeddable":true,"href":"https:\/\/amblavalletta.esteri.it\/it\/wp-json\/wp\/v2\/pages\/39"}],"wp:attachment":[{"href":"https:\/\/amblavalletta.esteri.it\/it\/wp-json\/wp\/v2\/media?parent=301"}],"curies":[{"name":"wp","href":"https:\/\/api.w.org\/{rel}","templated":true}]}}