{"id":288,"date":"2023-07-18T12:00:54","date_gmt":"2023-07-18T10:00:54","guid":{"rendered":"https:\/\/amblavalletta.esteri.it\/?page_id=288"},"modified":"2023-10-23T14:41:58","modified_gmt":"2023-10-23T12:41:58","slug":"messaggio","status":"publish","type":"page","link":"https:\/\/amblavalletta.esteri.it\/it\/chi-siamo\/lambasciatore\/messaggio\/","title":{"rendered":"Messaggio"},"content":{"rendered":"<p><strong>Benvenuti sul sito dell&#8217;Ambasciata d&#8217;Italia a Malta.<\/strong><\/p>\n<p>Ho il piacere di darvi il benvenuto sul nostro sito. \u00c8 uno strumento informativo per conoscere i principali aspetti dei rapporti tra Italia e Malta, un modo per avvicinare l\u2019Ambasciata e alcune delle attivit\u00e0 che svolgiamo. Nel contempo mi auguro che, insieme al\u00a0 nostro profilo\u00a0<a href=\"https:\/\/www.facebook.com\/ItalyinMalta\">Facebook<\/a>, questo sito possa essere un canale aggiuntivo per entrare in contatto con noi. Se lo desiderate, fornite i vostri commenti, i vostri suggerimenti in modo da contribuire a rafforzare ulteriormente la rete di relazioni tra controparti maltesi e italiane.<\/p>\n<p>L\u2019Italia occupa un posto privilegiato nel cuore di moltissimi maltesi. \u00c8 da tempo la prima meta di destinazione per i loro viaggi all\u2019estero. Non solo per i turisti, ma anche per i tanti imprenditori maltesi che cercano opportunit\u00e0 per far crescere il loro business. \u00c8 un modo per acquisire capacit\u00e0 aggiuntive e divenire pi\u00f9 competitivi sul mercato internazionale. Da anni l\u2019Italia \u00e8 il primo partner commerciale de La Valletta, uno dei maggiori investitori in assoluto. Lo stesso vale per gli operatori economici italiani che, in numero crescente, si insediano a Malta scoprendone non solo lo straordinario patrimonio storico-architettonico e la calorosa accoglienza, ma anche la facilit\u00e0 di fare impresa e la professionalit\u00e0 dell\u2019ambiente di lavoro. La loro presenza in tanti settori di attivit\u00e0 contribuisce al brillante dinamismo dell\u2019economia maltese. Al tempo stesso, essa risulta benefica per le imprese italiane che, operando da questa piattaforma al centro del Mediterraneo, possono puntare su altre destinazioni europee, africane o medio-orientali. L\u2019ufficio economico-commerciale dell\u2019Ambasciata segnala regolarmente le gare e le opportunita\u2019 di interesse in questo senso.<\/p>\n<p>Certo siamo avvantaggiati dai profondi legami di amicizia e dalla diffusa conoscenza della lingua e cultura italiana tra la popolazione maltese. Dobbiamo salvaguardare questo patrimonio e contribuire a rinnovarlo, trovando sempre nuovi progetti sui quali far convergere la volont\u00e0 di entrambi. L\u2019insegnamento della lingua italiana, le borse di studio agli studenti maltesi \u2013 ad esempio \u2013 pongono le basi per legami duraturi e rappresentano un investimento per il futuro. L\u2019Ambasciata italiana incoraggia la collaborazione, le visite e gli scambi con l\u2019Universit\u00e0 di Malta.<\/p>\n<p>Puntiamo molto sulla ricerca e sull\u2019innovazione per far crescere le nostre relazioni consapevoli che il mondo sta cambiando e che dobbiamo intercettare le trasformazioni in corso, dentro e fuori l\u2019Unione Europea, per guardare con fiducia al futuro, cogliendo tutte le opportunit\u00e0 di collaborazione tra Italia e Malta, Paesi amici e vicini. La conoscenza della lingua inglese, la rete di contatti con il mondo anglosassone, con molti Paesi arabi e medio-orientali rappresentano consistenti punti di forza su cui costruire, insieme, nuove sinergie reciprocamente vantaggiose.<\/p>\n<p>L\u2019Ambasciata \u00e8 a disposizione degli italiani qui a Malta. Una comunit\u00e0 in costante espansione e la cui composizione evolve costantemente negli ultimi anni. Una comunit\u00e0 laboriosa, ben integrata e rispettosa delle leggi locali. Mi rallegro che sia in aumento anche il numero degli studiosi, dei ricercatori e degli studenti italiani presenti su queste isole.<\/p>\n<p>Scriveteci, contattateci ai recapiti che troverete nel sito per i diversi settori. Saremo lieti di assistervi anche attraverso le altre Istituzioni italiane presenti in questo bellissimo Paese.<\/p>\n","protected":false},"excerpt":{"rendered":"Benvenuti sul sito dell&#8217;Ambasciata d&#8217;Italia a Malta. Ho il piacere di darvi il benvenuto sul nostro sito. \u00c8 uno strumento informativo per conoscere i principali aspetti dei rapporti tra Italia e Malta, un modo per avvicinare l\u2019Ambasciata e alcune delle attivit\u00e0 che svolgiamo. Nel contempo mi auguro che, insieme al\u00a0 nostro profilo\u00a0Facebook, questo sito possa [&hellip;]","protected":false},"author":4,"featured_media":0,"parent":38,"menu_order":0,"comment_status":"closed","ping_status":"closed","template":"","meta":{"footnotes":""},"class_list":["post-288","page","type-page","status-publish","hentry"],"_links":{"self":[{"href":"https:\/\/amblavalletta.esteri.it\/it\/wp-json\/wp\/v2\/pages\/288","targetHints":{"allow":["GET"]}}],"collection":[{"href":"https:\/\/amblavalletta.esteri.it\/it\/wp-json\/wp\/v2\/pages"}],"about":[{"href":"https:\/\/amblavalletta.esteri.it\/it\/wp-json\/wp\/v2\/types\/page"}],"author":[{"embeddable":true,"href":"https:\/\/amblavalletta.esteri.it\/it\/wp-json\/wp\/v2\/users\/4"}],"replies":[{"embeddable":true,"href":"https:\/\/amblavalletta.esteri.it\/it\/wp-json\/wp\/v2\/comments?post=288"}],"version-history":[{"count":2,"href":"https:\/\/amblavalletta.esteri.it\/it\/wp-json\/wp\/v2\/pages\/288\/revisions"}],"predecessor-version":[{"id":698,"href":"https:\/\/amblavalletta.esteri.it\/it\/wp-json\/wp\/v2\/pages\/288\/revisions\/698"}],"up":[{"embeddable":true,"href":"https:\/\/amblavalletta.esteri.it\/it\/wp-json\/wp\/v2\/pages\/38"}],"wp:attachment":[{"href":"https:\/\/amblavalletta.esteri.it\/it\/wp-json\/wp\/v2\/media?parent=288"}],"curies":[{"name":"wp","href":"https:\/\/api.w.org\/{rel}","templated":true}]}}