{"id":15,"date":"2023-04-11T17:08:57","date_gmt":"2023-04-11T15:08:57","guid":{"rendered":"https:\/\/ambasciatapraga.esteri.it\/?page_id=15"},"modified":"2025-08-28T18:22:43","modified_gmt":"2025-08-28T16:22:43","slug":"servizi-consolari-e-visti","status":"publish","type":"page","link":"https:\/\/amblavalletta.esteri.it\/it\/servizi-consolari-e-visti\/","title":{"rendered":"Servizi Consolari e Visti"},"content":{"rendered":"<p style=\"font-weight: 400; text-align: justify;\">I servizi consolari sono erogati secondo principi di eguaglianza, imparzialit\u00e0, efficienza e trasparenza.<\/p>\n<p style=\"font-weight: 400; text-align: justify;\"><a href=\"https:\/\/amblavalletta.esteri.it\/wp-content\/uploads\/2024\/09\/AMB-LA-VALLETTA-Informativa-sulla-protezione-delle-persone-fisiche-con-riguardo-al-trattamento-dei-dati-personali-ai-fini-dellerogazione-servizi-consolari.pdf\"><strong>Informativa sulla protezione delle persone fisiche con riguardo al trattamento dei dati personali ai fini dell&#8217;erogazione servizi consolari<\/strong><\/a><\/p>\n<p style=\"text-align: justify;\">La ricezione del pubblico presso gli Uffici del Consolato avviene dal luned\u00ec al venerd\u00ec solo <strong>previo appuntamento.<\/strong><\/p>\n<p style=\"text-align: justify;\"><strong>Modalit\u00e0 di accesso ai servizi del Consolato:<\/strong><\/p>\n<ul>\n<li>servizi di rinnovo\/rilascio <strong>Carta d\u2019Identit\u00e0 Elettronica (CIE) e Passaporti<\/strong> gli appuntamenti verranno assegnati <strong><u>esclusivamente<\/u> <\/strong>tramite la <strong>nuova piattaforma Prenot@mi.<br \/>\n<\/strong>\ud83d\udc49 <strong>Accedi al Prenot@mi:<\/strong> <a href=\"https:\/\/prenotami.esteri.it\/\">Home Page &#8211; Prenot@Mi<\/a><\/li>\n<li style=\"text-align: justify;\">registrazione\u00a0<strong>AIRE<\/strong>\u00a0(nuova iscrizione, cambio indirizzo\u2026) si prega di procedere alla creazione di una utenza tramite il portale\u00a0<strong>FAST\u00a0<\/strong>I<strong>T<\/strong> (<a href=\"https:\/\/serviziconsolari.esteri.it\/ScoFE\/index.sco\">Servizi Consolari Online<\/a>) e di caricare la documentazione necessaria sul medesimo portale, secondo le indicazioni riportate nell&#8217;apposita sezione <a href=\"https:\/\/amblavalletta.esteri.it\/it\/servizi-consolari-e-visti\/servizi-per-il-cittadino-italiano\/anagrafe-consolare-aire\/\">AIRE<\/a>.<\/li>\n<li style=\"text-align: justify;\">atti di\u00a0<strong>STATO CIVILE<\/strong>\u00a0(<strong><u>nascita, matrimonio, unione civile, morte, separazione, divorzio)<\/u><\/strong> si prega di seguire le indicazioni dell&#8217;apposita <a href=\"https:\/\/amblavalletta.esteri.it\/it\/servizi-consolari-e-visti\/servizi-per-il-cittadino-italiano\/stato-civile\/\">sezione<\/a><span style=\"text-decoration: underline;\">,<\/span> scaricare e compilare i relativi moduli ed inviare la documentazione completa tramite posta raccomandata all\u2019indirizzo 5, Vilhena Street, Floriana, FRN1040.<\/li>\n<li style=\"text-align: justify;\">procedure di rilascio del\u00a0<strong>CODICE FISCALE<\/strong>, al seguente <strong><a href=\"https:\/\/amblavalletta.esteri.it\/it\/servizi-consolari-e-visti\/servizi-per-il-cittadino-italiano\/codice-fiscale\/\">link<\/a>.<\/strong><\/li>\n<li style=\"text-align: justify;\">procedure relativa alle richieste di\u00a0<strong>CITTADINANZA\u00a0<\/strong>e alle\u00a0<strong>NOTIFICHE DI ATTI A CONNAZIONALI,\u00a0<\/strong>si prega di inviare la richiesta all\u2019indirizzo email <a href=\"mailto:cittadinanza.lavalletta@esteri.it\">cittadinanza.lavalletta@esteri.it<\/a>.<\/li>\n<li style=\"text-align: justify;\"><strong>NAVIGAZIONE<\/strong>: <a href=\"mailto:navigazione.lavalletta@esteri.it\">navigazione.lavalletta@esteri.it<\/a> (ad uso di societ\u00e0 armatoriali, imbarcazioni nazionali, Capitanerie di Porto, Ispettorati Territoriali per le Comunicazioni, Enti di Certificazione \u2013 RINA, Bureau Veritas, etc. \u2013 e per pratiche relative al personale marittimo).<\/li>\n<li>Rilascio di <a href=\"https:\/\/amblavalletta.esteri.it\/it\/servizi-consolari-e-visti\/servizi-per-il-cittadino-straniero\/dichiarazione-di-valore-e-dichiarazione-consolare-per-documenti-scolastici\/\"><strong>dichiarazioni di valore<\/strong><\/a>, si prega di inviare la richiesta all&#8217;indirizzo <a href=\"mailto:consolare.lavalletta@esteri.it\">consolare.lavalletta@esteri.it<\/a>.<\/li>\n<li style=\"text-align: justify;\"><strong>INDIRIZZO DI POSTA CERTIFICATA (PEC)<\/strong>: <a href=\"mailto:amb.lavalletta.consolare@cert.esteri.it\">amb.lavalletta.consolare@cert.esteri.it<\/a>.<\/li>\n<\/ul>\n<p>&nbsp;<\/p>\n","protected":false},"excerpt":{"rendered":"I servizi consolari sono erogati secondo principi di eguaglianza, imparzialit\u00e0, efficienza e trasparenza. Informativa sulla protezione delle persone fisiche con riguardo al trattamento dei dati personali ai fini dell&#8217;erogazione servizi consolari La ricezione del pubblico presso gli Uffici del Consolato avviene dal luned\u00ec al venerd\u00ec solo previo appuntamento. Modalit\u00e0 di accesso ai servizi del Consolato: [&hellip;]","protected":false},"author":1,"featured_media":0,"parent":0,"menu_order":6,"comment_status":"closed","ping_status":"closed","template":"","meta":{"footnotes":""},"class_list":["post-15","page","type-page","status-publish","hentry"],"_links":{"self":[{"href":"https:\/\/amblavalletta.esteri.it\/it\/wp-json\/wp\/v2\/pages\/15","targetHints":{"allow":["GET"]}}],"collection":[{"href":"https:\/\/amblavalletta.esteri.it\/it\/wp-json\/wp\/v2\/pages"}],"about":[{"href":"https:\/\/amblavalletta.esteri.it\/it\/wp-json\/wp\/v2\/types\/page"}],"author":[{"embeddable":true,"href":"https:\/\/amblavalletta.esteri.it\/it\/wp-json\/wp\/v2\/users\/1"}],"replies":[{"embeddable":true,"href":"https:\/\/amblavalletta.esteri.it\/it\/wp-json\/wp\/v2\/comments?post=15"}],"version-history":[{"count":7,"href":"https:\/\/amblavalletta.esteri.it\/it\/wp-json\/wp\/v2\/pages\/15\/revisions"}],"predecessor-version":[{"id":4159,"href":"https:\/\/amblavalletta.esteri.it\/it\/wp-json\/wp\/v2\/pages\/15\/revisions\/4159"}],"wp:attachment":[{"href":"https:\/\/amblavalletta.esteri.it\/it\/wp-json\/wp\/v2\/media?parent=15"}],"curies":[{"name":"wp","href":"https:\/\/api.w.org\/{rel}","templated":true}]}}