{"id":159,"date":"2023-04-11T18:10:45","date_gmt":"2023-04-11T16:10:45","guid":{"rendered":"https:\/\/amblavalletta.esteri.it\/italia-e-malta\/diplomazia-culturale\/"},"modified":"2025-08-29T15:08:32","modified_gmt":"2025-08-29T13:08:32","slug":"diplomazia-culturale","status":"publish","type":"page","link":"https:\/\/amblavalletta.esteri.it\/en\/italia-e-malta\/diplomazia-culturale\/","title":{"rendered":"Diplomazia culturale"},"content":{"rendered":"<p><strong>Cooperazione culturale<\/strong><\/p>\n<p>La collaborazione tra Italia e Malta nel settore culturale e\u2019 ampia ed articolata e si basa sulle seguenti intese:<\/p>\n<ul>\n<li><a href=\"https:\/\/amblavalletta.esteri.it\/wp-content\/uploads\/2023\/10\/accordo_culturale_1967.pdf\">Accordo di Collaborazione Culturale, firmato a La Valletta il 28 luglio 1967<\/a>;<\/li>\n<li><a href=\"https:\/\/amblavalletta.esteri.it\/wp-content\/uploads\/2025\/08\/BILMLT066.pdf\">Accordo in materia di Cooperazione Culturale e di Istruzione, firmato a Roma il 19 dicembre 2007;<\/a><\/li>\n<\/ul>\n<p><strong>L&#8217;Istituto Italiano di Cultura<\/strong><\/p>\n<p>Fondato nel 1971, l&#8217;Istituto Italiano di Cultura ha sede in un edificio storico del XVII secolo nella piazza principale di La Valletta. La sua attivit\u00e0 si articola nei seguenti settori: manifestazioni culturali, formazione di docenti d\u2019italiano nelle scuole maltesi, assegnazione di borse di studio, iscrizioni alle Universit\u00e0 italiane di cittadini maltesi o stranieri residenti a Malta, cooperazione scientifica e tecnologica, rapporti con i mezzi di comunicazione e la locale Universit\u00e0, servizi di ricerca e informazione per il pubblico. L\u2019Istituto dispone inoltre di una biblioteca di oltre 12.000 volumi e di una videoteca di oltre 1450 videocassette e DVD.<\/p>\n<p>L\u2019Istituto, in stretto raccordo con l\u2019Ambasciata d\u2019Italia, cura ogni anno oltre 90 manifestazioni culturali realizzate in collaborazione con Istituzioni maltesi (Ministero dell\u2019Educazione, Ministero del Turismo e della Cultura, Universit\u00e0 di Malta, Heritage Malta, Teatro Manoel, Cooperativa Culturale Universitaria, Malta Cultural Institute, Gozo Cultural Council, Malta International Arts Festival).<\/p>\n<p>L\u2019Istituto Italiano di Cultura promuove la conoscenza della lingua italiana attraverso la gestione delle borse di studio per l\u2019Italia, manifestazioni culturali in lingua italiana e proiezioni cinematografiche. Mantiene stretti rapporti di collaborazione con l\u2019Ispettorato per la lingua italiana e con il Comitato locale della Societ\u00e0 Dante Alighieri nonch\u00e9 un\u2019intensa cooperazione con il Dipartimento di Italiano dell\u2019Universit\u00e0 di Malta.<\/p>\n<p>Per maggiori informazioni: <a href=\"https:\/\/iicvalletta.esteri.it\/it\/\">Istituto Italiano di Cultura di La Valletta<\/a><\/p>\n<p><strong>Insegnamento e diffusione della lingua italiana<\/strong><\/p>\n<p>L\u2019italiano \u00e8 lingua di ampia diffusione tra la popolazione maltese e viene insegnato in tutte le scuole statali ed in numerose scuole private e religiose. L\u2019Italiano risulta al primo posto come lingua straniera curriculare e si insegna dalla prima media fino all\u2019ultimo anno delle superiori.<\/p>\n<p><strong>Cooperazione universitaria<\/strong><\/p>\n<p>L&#8217;Universit\u00e0 di Malta ha accordi con numerose Universit\u00e0 italiane. Sono anche in vigore\u00a0<a href=\"https:\/\/amblavalletta.esteri.it\/wp-content\/uploads\/2023\/10\/universit_italiane_che_hanno_concluso_accordi_erasmus.pdf\">accordi con oltre 30 Atenei italiani nell\u2019ambito dei programmi Erasmus\/Socrates<\/a>. Annualmente si effettuano frequenti scambi di docenti secondo il contingente previsto dal Programma esecutivo dell&#8217;Accordo culturale.<\/p>\n<p>L&#8217;Universit\u00e0 di Malta non prevede corsi appositi per dottorandi. Gli allievi che fanno domanda sono liberi d\u00ec scegliere qualsiasi argomento purch\u00e9 venga approvato da uno dei membri del dipartimento. Viene sempre nominato un correlatore italiano e gli allievi sono incoraggiati a seguire corsi presso Universit\u00e0 italiane tramite il sistema Erasmus, ed a partecipare attivamente o passivamente, a convegni organizzati in Italia che trattano temi attinenti all\u2019argomento della ricerca.<\/p>\n<p><a href=\"https:\/\/amblavalletta.esteri.it\/wp-content\/uploads\/2023\/10\/professori_italiani_at_malta_university__2_.pdf\">Attualmente numerosi\u00a0professori italiani insegnano presso l\u2019Universit\u00e0 di Malta<\/a>.<\/p>\n<p>Vai al sito del Dipartimento di Italiano:\u00a0<a href=\"https:\/\/www.um.edu.mt\/arts\/italian\/\">http:\/\/www.um.edu.mt\/arts\/italian\/<\/a><\/p>\n<p><strong>Borse di studio<\/strong><\/p>\n<p>Il Governo italiano mette ogni anno a disposizione di studenti maltesi borse di studio per coloro che vogliano proseguire gli studi in Italia.<\/p>\n<p><strong>La Societ\u00e0 Dante Alighieri<\/strong><\/p>\n<p>La Societ\u00e0 Dante Alighieri di Malta, con sede a La Valletta, \u00e8 l\u2019unica istituzione italiana ad organizzare corsi di lingua italiana. Essa conta all\u2019anno circa 300 studenti, iscritti a corsi di varia tipologia: corsi standard, corsi di linguaggio settoriale, corsi di preparazione all\u2019esame di italiano per l\u2019accesso all&#8217;Universit\u00e0. La Dante organizza altres\u00ec specifiche lezioni per enti pubblici maltesi (italiano per gli affari e per il turismo, traduzione) e collabora con alcuni comuni per corsi destinati ai bambini delle scuole elementari.<\/p>\n<p><a href=\"https:\/\/m.facebook.com\/dantemalta.org\/\">https:\/\/m.facebook.com\/dantemalta.org\/<\/a><\/p>\n","protected":false},"excerpt":{"rendered":"Cooperazione culturale La collaborazione tra Italia e Malta nel settore culturale e\u2019 ampia ed articolata e si basa sulle seguenti intese: Accordo di Collaborazione Culturale, firmato a La Valletta il 28 luglio 1967; Accordo in materia di Cooperazione Culturale e di Istruzione, firmato a Roma il 19 dicembre 2007; L&#8217;Istituto Italiano di Cultura Fondato nel [&hellip;]","protected":false},"author":1,"featured_media":0,"parent":151,"menu_order":2,"comment_status":"closed","ping_status":"closed","template":"","meta":{"footnotes":""},"class_list":["post-159","page","type-page","status-publish","hentry"],"_links":{"self":[{"href":"https:\/\/amblavalletta.esteri.it\/en\/wp-json\/wp\/v2\/pages\/159","targetHints":{"allow":["GET"]}}],"collection":[{"href":"https:\/\/amblavalletta.esteri.it\/en\/wp-json\/wp\/v2\/pages"}],"about":[{"href":"https:\/\/amblavalletta.esteri.it\/en\/wp-json\/wp\/v2\/types\/page"}],"author":[{"embeddable":true,"href":"https:\/\/amblavalletta.esteri.it\/en\/wp-json\/wp\/v2\/users\/1"}],"replies":[{"embeddable":true,"href":"https:\/\/amblavalletta.esteri.it\/en\/wp-json\/wp\/v2\/comments?post=159"}],"version-history":[{"count":6,"href":"https:\/\/amblavalletta.esteri.it\/en\/wp-json\/wp\/v2\/pages\/159\/revisions"}],"predecessor-version":[{"id":4324,"href":"https:\/\/amblavalletta.esteri.it\/en\/wp-json\/wp\/v2\/pages\/159\/revisions\/4324"}],"up":[{"embeddable":true,"href":"https:\/\/amblavalletta.esteri.it\/en\/wp-json\/wp\/v2\/pages\/151"}],"wp:attachment":[{"href":"https:\/\/amblavalletta.esteri.it\/en\/wp-json\/wp\/v2\/media?parent=159"}],"curies":[{"name":"wp","href":"https:\/\/api.w.org\/{rel}","templated":true}]}}